{"id":15718,"date":"2025-01-20T16:00:50","date_gmt":"2025-01-20T16:00:50","guid":{"rendered":"https:\/\/www.mercator-ocean.eu\/communaute-oceanique\/societe-civile\/"},"modified":"2025-05-28T08:46:39","modified_gmt":"2025-05-28T08:46:39","slug":"societe-civile","status":"publish","type":"page","link":"https:\/\/www.mercator-ocean.eu\/fr\/communaute-oceanique\/societe-civile\/","title":{"rendered":"Engagement de la Soci\u00e9t\u00e9 Civile"},"content":{"rendered":"\t\t<div data-elementor-type=\"wp-page\" data-elementor-id=\"15718\" class=\"elementor elementor-15718 elementor-12576\" data-elementor-post-type=\"page\">\n\t\t\t\t<div class=\"elementor-element elementor-element-ff776e5 e-flex e-con-boxed e-con e-parent\" data-id=\"ff776e5\" data-element_type=\"container\" data-e-type=\"container\" data-settings=\"{&quot;background_background&quot;:&quot;classic&quot;}\">\n\t\t\t\t\t<div class=\"e-con-inner\">\n\t\t\t\t<div class=\"elementor-element elementor-element-8860ba8 elementor-widget elementor-widget-heading\" data-id=\"8860ba8\" data-element_type=\"widget\" data-e-type=\"widget\" data-widget_type=\"heading.default\">\n\t\t\t\t<div class=\"elementor-widget-container\">\n\t\t\t\t\t<h1 class=\"elementor-heading-title elementor-size-default\">Engagement de la Soci\u00e9t\u00e9 Civile<\/h1>\t\t\t\t<\/div>\n\t\t\t\t<\/div>\n\t\t\t\t<div class=\"elementor-element elementor-element-3625614 elementor-widget elementor-widget-breadcrumbs\" data-id=\"3625614\" data-element_type=\"widget\" data-e-type=\"widget\" data-widget_type=\"breadcrumbs.default\">\n\t\t\t\t<div class=\"elementor-widget-container\">\n\t\t\t\t\t<p id=\"breadcrumbs\"><span><span><a href=\"https:\/\/www.mercator-ocean.eu\/fr\/\">Home<\/a><\/span><\/span><\/p>\t\t\t\t<\/div>\n\t\t\t\t<\/div>\n\t\t\t\t\t<\/div>\n\t\t\t\t<\/div>\n\t\t<div class=\"elementor-element elementor-element-087c06c e-flex e-con-boxed e-con e-parent\" data-id=\"087c06c\" data-element_type=\"container\" data-e-type=\"container\" data-settings=\"{&quot;background_background&quot;:&quot;classic&quot;}\">\n\t\t\t\t\t<div class=\"e-con-inner\">\n\t\t<div class=\"elementor-element elementor-element-57d98b6 e-flex e-con-boxed e-con e-child\" data-id=\"57d98b6\" data-element_type=\"container\" data-e-type=\"container\">\n\t\t\t\t\t<div class=\"e-con-inner\">\n\t\t\t\t<div class=\"elementor-element elementor-element-2726660 elementor-widget__width-inherit elementor-widget elementor-widget-text-editor\" data-id=\"2726660\" data-element_type=\"widget\" data-e-type=\"widget\" data-widget_type=\"text-editor.default\">\n\t\t\t\t<div class=\"elementor-widget-container\">\n\t\t\t\t\t\t\t\t\t<p>Mercator Ocean International fournit des services scientifiques au b\u00e9n\u00e9fice de la soci\u00e9t\u00e9 en rendant les donn\u00e9es et l\u2019expertise oc\u00e9aniques accessibles \u00e0 tous, notamment aux organisations non gouvernementales (ONG), aux \u00e9tablissements d\u2019enseignement et au public. En tant que leader dans le domaine de l\u2019oc\u00e9anographie num\u00e9rique, nous visons \u00e0 approfondir la compr\u00e9hension du r\u00f4le de l\u2019oc\u00e9an dans la sant\u00e9 de la plan\u00e8te tout en soutenant des initiatives qui favorisent la conservation et l\u2019utilisation durable des ressources marines. Nos efforts de sensibilisation, qui comprennent des expositions, des projets scolaires et du mat\u00e9riel \u00e9ducatif, ont touch\u00e9 environ 2 millions de personnes dans le monde, permettant aux communaut\u00e9s de faire des choix \u00e9clair\u00e9s concernant l\u2019oc\u00e9an.  <\/p>\t\t\t\t\t\t\t\t<\/div>\n\t\t\t\t<\/div>\n\t\t\t\t\t<\/div>\n\t\t\t\t<\/div>\n\t\t\t\t\t<\/div>\n\t\t\t\t<\/div>\n\t\t<div class=\"elementor-element elementor-element-c1c2ed8 e-flex e-con-boxed e-con e-parent\" data-id=\"c1c2ed8\" data-element_type=\"container\" data-e-type=\"container\" data-settings=\"{&quot;background_background&quot;:&quot;classic&quot;}\">\n\t\t\t\t\t<div class=\"e-con-inner\">\n\t\t<div class=\"elementor-element elementor-element-1102314 e-con-full e-flex e-con e-child\" data-id=\"1102314\" data-element_type=\"container\" data-e-type=\"container\">\n\t\t\t\t<div class=\"elementor-element elementor-element-19d9166 elementor-widget elementor-widget-heading\" data-id=\"19d9166\" data-element_type=\"widget\" data-e-type=\"widget\" data-widget_type=\"heading.default\">\n\t\t\t\t<div class=\"elementor-widget-container\">\n\t\t\t\t\t<h2 class=\"elementor-heading-title elementor-size-default\">Partenariats avec les ONG<\/h2>\t\t\t\t<\/div>\n\t\t\t\t<\/div>\n\t\t\t\t<div class=\"elementor-element elementor-element-76018e4 elementor-widget-divider--view-line elementor-widget elementor-widget-divider\" data-id=\"76018e4\" data-element_type=\"widget\" data-e-type=\"widget\" data-widget_type=\"divider.default\">\n\t\t\t\t<div class=\"elementor-widget-container\">\n\t\t\t\t\t\t\t<div class=\"elementor-divider\">\n\t\t\t<span class=\"elementor-divider-separator\">\n\t\t\t\t\t\t<\/span>\n\t\t<\/div>\n\t\t\t\t\t\t<\/div>\n\t\t\t\t<\/div>\n\t\t\t\t<div class=\"elementor-element elementor-element-8c5c6bc text-content elementor-widget elementor-widget-text-editor\" data-id=\"8c5c6bc\" data-element_type=\"widget\" data-e-type=\"widget\" data-widget_type=\"text-editor.default\">\n\t\t\t\t<div class=\"elementor-widget-container\">\n\t\t\t\t\t\t\t\t\t<p>Nous collaborons avec diverses ONG pour faire progresser la conservation des oc\u00e9ans, sensibiliser aux probl\u00e8mes marins et soutenir les pratiques durables qui profitent aux \u00e9cosyst\u00e8mes et aux communaut\u00e9s. De nombreuses initiatives sont financ\u00e9es par le <a href=\"https:\/\/marine.copernicus.eu\/\" target=\"_blank\" rel=\"noopener\">Copernicus Marine Service<\/a> que nous coordonnons, ce qui garantit un impact significatif gr\u00e2ce \u00e0 des solutions fond\u00e9es sur la science. <\/p>\t\t\t\t\t\t\t\t<\/div>\n\t\t\t\t<\/div>\n\t\t\t\t<div class=\"elementor-element elementor-element-2dc0c17 elementor-widget elementor-widget-button\" data-id=\"2dc0c17\" data-element_type=\"widget\" data-e-type=\"widget\" data-widget_type=\"button.default\">\n\t\t\t\t<div class=\"elementor-widget-container\">\n\t\t\t\t\t\t\t\t\t<div class=\"elementor-button-wrapper\">\n\t\t\t\t\t<a class=\"elementor-button elementor-button-link elementor-size-sm\" href=\"https:\/\/www.mercator-ocean.eu\/civil-society\/ngos-partnerships\/\">\n\t\t\t\t\t\t<span class=\"elementor-button-content-wrapper\">\n\t\t\t\t\t\t\t\t\t<span class=\"elementor-button-text\">En savoir plus sur nos partenariats avec les ONG<\/span>\n\t\t\t\t\t<\/span>\n\t\t\t\t\t<\/a>\n\t\t\t\t<\/div>\n\t\t\t\t\t\t\t\t<\/div>\n\t\t\t\t<\/div>\n\t\t\t\t<\/div>\n\t\t<div class=\"elementor-element elementor-element-8242aaa e-con-full e-flex e-con e-child\" data-id=\"8242aaa\" data-element_type=\"container\" data-e-type=\"container\">\n\t\t\t\t<div class=\"elementor-element elementor-element-c30f74d elementor-widget elementor-widget-image\" data-id=\"c30f74d\" data-element_type=\"widget\" data-e-type=\"widget\" data-widget_type=\"image.default\">\n\t\t\t\t<div class=\"elementor-widget-container\">\n\t\t\t\t\t\t\t\t\t\t\t\t\t\t\t<img fetchpriority=\"high\" decoding=\"async\" width=\"800\" height=\"455\" src=\"https:\/\/www.mercator-ocean.eu\/wp-content\/uploads\/2025\/01\/volunteer.jpg\" class=\"attachment-large size-large wp-image-12580\" alt=\"Volunteers\" srcset=\"https:\/\/www.mercator-ocean.eu\/wp-content\/uploads\/2025\/01\/volunteer.jpg 800w, https:\/\/www.mercator-ocean.eu\/wp-content\/uploads\/2025\/01\/volunteer-300x171.jpg 300w, https:\/\/www.mercator-ocean.eu\/wp-content\/uploads\/2025\/01\/volunteer-768x437.jpg 768w\" sizes=\"(max-width: 800px) 100vw, 800px\" \/>\t\t\t\t\t\t\t\t\t\t\t\t\t\t\t<\/div>\n\t\t\t\t<\/div>\n\t\t\t\t<\/div>\n\t\t\t\t\t<\/div>\n\t\t\t\t<\/div>\n\t\t<div class=\"elementor-element elementor-element-b9e9f66 e-flex e-con-boxed e-con e-parent\" data-id=\"b9e9f66\" data-element_type=\"container\" data-e-type=\"container\" data-settings=\"{&quot;background_background&quot;:&quot;classic&quot;}\">\n\t\t\t\t\t<div class=\"e-con-inner\">\n\t\t<div class=\"elementor-element elementor-element-c9430dc e-con-full e-flex e-con e-child\" data-id=\"c9430dc\" data-element_type=\"container\" data-e-type=\"container\">\n\t\t\t\t<div class=\"elementor-element elementor-element-9e4fb05 elementor-widget elementor-widget-image\" data-id=\"9e4fb05\" data-element_type=\"widget\" data-e-type=\"widget\" data-widget_type=\"image.default\">\n\t\t\t\t<div class=\"elementor-widget-container\">\n\t\t\t\t\t\t\t\t\t\t\t\t\t\t\t<img decoding=\"async\" width=\"800\" height=\"458\" src=\"https:\/\/www.mercator-ocean.eu\/wp-content\/uploads\/2025\/01\/ocean-literacy.jpg\" class=\"attachment-large size-large wp-image-12582\" alt=\"Ocean literacy\" srcset=\"https:\/\/www.mercator-ocean.eu\/wp-content\/uploads\/2025\/01\/ocean-literacy.jpg 1000w, https:\/\/www.mercator-ocean.eu\/wp-content\/uploads\/2025\/01\/ocean-literacy-300x172.jpg 300w, https:\/\/www.mercator-ocean.eu\/wp-content\/uploads\/2025\/01\/ocean-literacy-768x439.jpg 768w\" sizes=\"(max-width: 800px) 100vw, 800px\" \/>\t\t\t\t\t\t\t\t\t\t\t\t\t\t\t<\/div>\n\t\t\t\t<\/div>\n\t\t\t\t<\/div>\n\t\t<div class=\"elementor-element elementor-element-6461746 e-con-full e-flex e-con e-child\" data-id=\"6461746\" data-element_type=\"container\" data-e-type=\"container\">\n\t\t\t\t<div class=\"elementor-element elementor-element-1006539 elementor-widget elementor-widget-heading\" data-id=\"1006539\" data-element_type=\"widget\" data-e-type=\"widget\" data-widget_type=\"heading.default\">\n\t\t\t\t<div class=\"elementor-widget-container\">\n\t\t\t\t\t<h2 class=\"elementor-heading-title elementor-size-default\">Connaissance des oc\u00e9ans<\/h2>\t\t\t\t<\/div>\n\t\t\t\t<\/div>\n\t\t\t\t<div class=\"elementor-element elementor-element-acff7fb elementor-widget-divider--view-line elementor-widget elementor-widget-divider\" data-id=\"acff7fb\" data-element_type=\"widget\" data-e-type=\"widget\" data-widget_type=\"divider.default\">\n\t\t\t\t<div class=\"elementor-widget-container\">\n\t\t\t\t\t\t\t<div class=\"elementor-divider\">\n\t\t\t<span class=\"elementor-divider-separator\">\n\t\t\t\t\t\t<\/span>\n\t\t<\/div>\n\t\t\t\t\t\t<\/div>\n\t\t\t\t<\/div>\n\t\t\t\t<div class=\"elementor-element elementor-element-530e1fd text-content elementor-widget elementor-widget-text-editor\" data-id=\"530e1fd\" data-element_type=\"widget\" data-e-type=\"widget\" data-widget_type=\"text-editor.default\">\n\t\t\t\t<div class=\"elementor-widget-container\">\n\t\t\t\t\t\t\t\t\t<p>Gr\u00e2ce \u00e0 des \u00e9v\u00e9nements tels que des conf\u00e9rences internationales et des expositions dans des mus\u00e9es, Mercator Ocean International promeut la connaissance des oc\u00e9ans en partageant des mod\u00e8les et de l\u2019expertise. Ces efforts ont aid\u00e9 plus d\u2019un million de personnes \u00e0 comprendre les d\u00e9fis et le potentiel de l\u2019oc\u00e9an. En d\u00e9veloppant des outils innovants et en encourageant l\u2019engagement, nous visons \u00e0 inspirer des pratiques durables et une plus grande participation du public \u00e0 la conservation du milieu marin.  <\/p>\t\t\t\t\t\t\t\t<\/div>\n\t\t\t\t<\/div>\n\t\t\t\t<div class=\"elementor-element elementor-element-79ccf30 elementor-widget elementor-widget-button\" data-id=\"79ccf30\" data-element_type=\"widget\" data-e-type=\"widget\" data-widget_type=\"button.default\">\n\t\t\t\t<div class=\"elementor-widget-container\">\n\t\t\t\t\t\t\t\t\t<div class=\"elementor-button-wrapper\">\n\t\t\t\t\t<a class=\"elementor-button elementor-button-link elementor-size-sm\" href=\"https:\/\/www.mercator-ocean.eu\/fr\/communaute-oceanique\/societe-civile\/connaissance-des-oceans\/\">\n\t\t\t\t\t\t<span class=\"elementor-button-content-wrapper\">\n\t\t\t\t\t\t\t\t\t<span class=\"elementor-button-text\">En savoir plus sur nos collaborations en mati\u00e8re de ma\u00eetrise des oc\u00e9ans<\/span>\n\t\t\t\t\t<\/span>\n\t\t\t\t\t<\/a>\n\t\t\t\t<\/div>\n\t\t\t\t\t\t\t\t<\/div>\n\t\t\t\t<\/div>\n\t\t\t\t<\/div>\n\t\t\t\t\t<\/div>\n\t\t\t\t<\/div>\n\t\t\t\t<\/div>\n\t\t","protected":false},"excerpt":{"rendered":"<p>Engagement de la Soci\u00e9t\u00e9 Civile Mercator Ocean International fournit des services scientifiques au b\u00e9n\u00e9fice de la soci\u00e9t\u00e9 en rendant les donn\u00e9es et l\u2019expertise oc\u00e9aniques accessibles \u00e0 tous, notamment aux organisations non gouvernementales (ONG), aux \u00e9tablissements d\u2019enseignement et au public. En tant que leader dans le domaine de l\u2019oc\u00e9anographie num\u00e9rique, nous visons \u00e0 approfondir la compr\u00e9hension [&hellip;]<\/p>\n","protected":false},"author":2,"featured_media":0,"parent":15642,"menu_order":3,"comment_status":"closed","ping_status":"closed","template":"","meta":{"_acf_changed":false,"footnotes":""},"translation-status":[],"class_list":["post-15718","page","type-page","status-publish","hentry"],"acf":[],"yoast_head":"<!-- This site is optimized with the Yoast SEO plugin v27.4 - https:\/\/yoast.com\/product\/yoast-seo-wordpress\/ -->\n<title>Engagement de la Soci\u00e9t\u00e9 Civile - Mercator Ocean International<\/title>\n<meta name=\"robots\" content=\"index, follow, max-snippet:-1, max-image-preview:large, max-video-preview:-1\" \/>\n<link rel=\"canonical\" href=\"https:\/\/www.mercator-ocean.eu\/fr\/communaute-oceanique\/societe-civile\/\" \/>\n<meta property=\"og:locale\" content=\"fr_FR\" \/>\n<meta property=\"og:type\" content=\"article\" \/>\n<meta property=\"og:title\" content=\"Engagement de la Soci\u00e9t\u00e9 Civile - Mercator Ocean International\" \/>\n<meta property=\"og:description\" content=\"Engagement de la Soci\u00e9t\u00e9 Civile Mercator Ocean International fournit des services scientifiques au b\u00e9n\u00e9fice de la soci\u00e9t\u00e9 en rendant les donn\u00e9es et l\u2019expertise oc\u00e9aniques accessibles \u00e0 tous, notamment aux organisations non gouvernementales (ONG), aux \u00e9tablissements d\u2019enseignement et au public. En tant que leader dans le domaine de l\u2019oc\u00e9anographie num\u00e9rique, nous visons \u00e0 approfondir la compr\u00e9hension [&hellip;]\" \/>\n<meta property=\"og:url\" content=\"https:\/\/www.mercator-ocean.eu\/fr\/communaute-oceanique\/societe-civile\/\" \/>\n<meta property=\"og:site_name\" content=\"Mercator Ocean International\" \/>\n<meta property=\"article:publisher\" content=\"https:\/\/www.facebook.com\/MercatorOcean\" \/>\n<meta property=\"article:modified_time\" content=\"2025-05-28T08:46:39+00:00\" \/>\n<meta property=\"og:image\" content=\"https:\/\/www.mercator-ocean.eu\/wp-content\/uploads\/2025\/01\/volunteer.jpg\" \/>\n<meta name=\"twitter:card\" content=\"summary_large_image\" \/>\n<meta name=\"twitter:site\" content=\"@MercatorOcean\" \/>\n<meta name=\"twitter:label1\" content=\"Dur\u00e9e de lecture estim\u00e9e\" \/>\n\t<meta name=\"twitter:data1\" content=\"2 minutes\" \/>\n<script type=\"application\/ld+json\" class=\"yoast-schema-graph\">{\"@context\":\"https:\\\/\\\/schema.org\",\"@graph\":[{\"@type\":\"WebPage\",\"@id\":\"https:\\\/\\\/www.mercator-ocean.eu\\\/fr\\\/communaute-oceanique\\\/societe-civile\\\/\",\"url\":\"https:\\\/\\\/www.mercator-ocean.eu\\\/fr\\\/communaute-oceanique\\\/societe-civile\\\/\",\"name\":\"Engagement de la Soci\u00e9t\u00e9 Civile - Mercator Ocean International\",\"isPartOf\":{\"@id\":\"https:\\\/\\\/www.mercator-ocean.eu\\\/fr\\\/#website\"},\"primaryImageOfPage\":{\"@id\":\"https:\\\/\\\/www.mercator-ocean.eu\\\/fr\\\/communaute-oceanique\\\/societe-civile\\\/#primaryimage\"},\"image\":{\"@id\":\"https:\\\/\\\/www.mercator-ocean.eu\\\/fr\\\/communaute-oceanique\\\/societe-civile\\\/#primaryimage\"},\"thumbnailUrl\":\"https:\\\/\\\/www.mercator-ocean.eu\\\/wp-content\\\/uploads\\\/2025\\\/01\\\/volunteer.jpg\",\"datePublished\":\"2025-01-20T16:00:50+00:00\",\"dateModified\":\"2025-05-28T08:46:39+00:00\",\"breadcrumb\":{\"@id\":\"https:\\\/\\\/www.mercator-ocean.eu\\\/fr\\\/communaute-oceanique\\\/societe-civile\\\/#breadcrumb\"},\"inLanguage\":\"fr-FR\",\"potentialAction\":[{\"@type\":\"ReadAction\",\"target\":[\"https:\\\/\\\/www.mercator-ocean.eu\\\/fr\\\/communaute-oceanique\\\/societe-civile\\\/\"]}]},{\"@type\":\"ImageObject\",\"inLanguage\":\"fr-FR\",\"@id\":\"https:\\\/\\\/www.mercator-ocean.eu\\\/fr\\\/communaute-oceanique\\\/societe-civile\\\/#primaryimage\",\"url\":\"https:\\\/\\\/www.mercator-ocean.eu\\\/wp-content\\\/uploads\\\/2025\\\/01\\\/volunteer.jpg\",\"contentUrl\":\"https:\\\/\\\/www.mercator-ocean.eu\\\/wp-content\\\/uploads\\\/2025\\\/01\\\/volunteer.jpg\"},{\"@type\":\"BreadcrumbList\",\"@id\":\"https:\\\/\\\/www.mercator-ocean.eu\\\/fr\\\/communaute-oceanique\\\/societe-civile\\\/#breadcrumb\",\"itemListElement\":[{\"@type\":\"ListItem\",\"position\":1,\"name\":\"Home\",\"item\":\"https:\\\/\\\/www.mercator-ocean.eu\\\/fr\\\/\"},{\"@type\":\"ListItem\",\"position\":2,\"name\":\"Communaut\u00e9 oc\u00e9anique\",\"item\":\"https:\\\/\\\/www.mercator-ocean.eu\\\/fr\\\/communaute-oceanique\\\/\"},{\"@type\":\"ListItem\",\"position\":3,\"name\":\"Engagement de la Soci\u00e9t\u00e9 Civile\"}]},{\"@type\":\"WebSite\",\"@id\":\"https:\\\/\\\/www.mercator-ocean.eu\\\/fr\\\/#website\",\"url\":\"https:\\\/\\\/www.mercator-ocean.eu\\\/fr\\\/\",\"name\":\"Mercator Ocean International\",\"description\":\"\",\"publisher\":{\"@id\":\"https:\\\/\\\/www.mercator-ocean.eu\\\/fr\\\/#organization\"},\"potentialAction\":[{\"@type\":\"SearchAction\",\"target\":{\"@type\":\"EntryPoint\",\"urlTemplate\":\"https:\\\/\\\/www.mercator-ocean.eu\\\/fr\\\/?s={search_term_string}\"},\"query-input\":{\"@type\":\"PropertyValueSpecification\",\"valueRequired\":true,\"valueName\":\"search_term_string\"}}],\"inLanguage\":\"fr-FR\"},{\"@type\":\"Organization\",\"@id\":\"https:\\\/\\\/www.mercator-ocean.eu\\\/fr\\\/#organization\",\"name\":\"Mercator Ocean International\",\"url\":\"https:\\\/\\\/www.mercator-ocean.eu\\\/fr\\\/\",\"logo\":{\"@type\":\"ImageObject\",\"inLanguage\":\"fr-FR\",\"@id\":\"https:\\\/\\\/www.mercator-ocean.eu\\\/fr\\\/#\\\/schema\\\/logo\\\/image\\\/\",\"url\":\"https:\\\/\\\/www.mercator-ocean.eu\\\/wp-content\\\/uploads\\\/2024\\\/12\\\/logo-mercator.png\",\"contentUrl\":\"https:\\\/\\\/www.mercator-ocean.eu\\\/wp-content\\\/uploads\\\/2024\\\/12\\\/logo-mercator.png\",\"width\":541,\"height\":547,\"caption\":\"Mercator Ocean International\"},\"image\":{\"@id\":\"https:\\\/\\\/www.mercator-ocean.eu\\\/fr\\\/#\\\/schema\\\/logo\\\/image\\\/\"},\"sameAs\":[\"https:\\\/\\\/www.facebook.com\\\/MercatorOcean\",\"https:\\\/\\\/x.com\\\/MercatorOcean\",\"https:\\\/\\\/www.instagram.com\\\/mercator_ocean\\\/\",\"https:\\\/\\\/www.linkedin.com\\\/company\\\/mercator-ocean\\\/\",\"https:\\\/\\\/www.youtube.com\\\/user\\\/MERCATOROCEAN\"]}]}<\/script>\n<!-- \/ Yoast SEO plugin. -->","yoast_head_json":{"title":"Engagement de la Soci\u00e9t\u00e9 Civile - Mercator Ocean International","robots":{"index":"index","follow":"follow","max-snippet":"max-snippet:-1","max-image-preview":"max-image-preview:large","max-video-preview":"max-video-preview:-1"},"canonical":"https:\/\/www.mercator-ocean.eu\/fr\/communaute-oceanique\/societe-civile\/","og_locale":"fr_FR","og_type":"article","og_title":"Engagement de la Soci\u00e9t\u00e9 Civile - Mercator Ocean International","og_description":"Engagement de la Soci\u00e9t\u00e9 Civile Mercator Ocean International fournit des services scientifiques au b\u00e9n\u00e9fice de la soci\u00e9t\u00e9 en rendant les donn\u00e9es et l\u2019expertise oc\u00e9aniques accessibles \u00e0 tous, notamment aux organisations non gouvernementales (ONG), aux \u00e9tablissements d\u2019enseignement et au public. En tant que leader dans le domaine de l\u2019oc\u00e9anographie num\u00e9rique, nous visons \u00e0 approfondir la compr\u00e9hension [&hellip;]","og_url":"https:\/\/www.mercator-ocean.eu\/fr\/communaute-oceanique\/societe-civile\/","og_site_name":"Mercator Ocean International","article_publisher":"https:\/\/www.facebook.com\/MercatorOcean","article_modified_time":"2025-05-28T08:46:39+00:00","og_image":[{"url":"https:\/\/www.mercator-ocean.eu\/wp-content\/uploads\/2025\/01\/volunteer.jpg","type":"","width":"","height":""}],"twitter_card":"summary_large_image","twitter_site":"@MercatorOcean","twitter_misc":{"Dur\u00e9e de lecture estim\u00e9e":"2 minutes"},"schema":{"@context":"https:\/\/schema.org","@graph":[{"@type":"WebPage","@id":"https:\/\/www.mercator-ocean.eu\/fr\/communaute-oceanique\/societe-civile\/","url":"https:\/\/www.mercator-ocean.eu\/fr\/communaute-oceanique\/societe-civile\/","name":"Engagement de la Soci\u00e9t\u00e9 Civile - Mercator Ocean International","isPartOf":{"@id":"https:\/\/www.mercator-ocean.eu\/fr\/#website"},"primaryImageOfPage":{"@id":"https:\/\/www.mercator-ocean.eu\/fr\/communaute-oceanique\/societe-civile\/#primaryimage"},"image":{"@id":"https:\/\/www.mercator-ocean.eu\/fr\/communaute-oceanique\/societe-civile\/#primaryimage"},"thumbnailUrl":"https:\/\/www.mercator-ocean.eu\/wp-content\/uploads\/2025\/01\/volunteer.jpg","datePublished":"2025-01-20T16:00:50+00:00","dateModified":"2025-05-28T08:46:39+00:00","breadcrumb":{"@id":"https:\/\/www.mercator-ocean.eu\/fr\/communaute-oceanique\/societe-civile\/#breadcrumb"},"inLanguage":"fr-FR","potentialAction":[{"@type":"ReadAction","target":["https:\/\/www.mercator-ocean.eu\/fr\/communaute-oceanique\/societe-civile\/"]}]},{"@type":"ImageObject","inLanguage":"fr-FR","@id":"https:\/\/www.mercator-ocean.eu\/fr\/communaute-oceanique\/societe-civile\/#primaryimage","url":"https:\/\/www.mercator-ocean.eu\/wp-content\/uploads\/2025\/01\/volunteer.jpg","contentUrl":"https:\/\/www.mercator-ocean.eu\/wp-content\/uploads\/2025\/01\/volunteer.jpg"},{"@type":"BreadcrumbList","@id":"https:\/\/www.mercator-ocean.eu\/fr\/communaute-oceanique\/societe-civile\/#breadcrumb","itemListElement":[{"@type":"ListItem","position":1,"name":"Home","item":"https:\/\/www.mercator-ocean.eu\/fr\/"},{"@type":"ListItem","position":2,"name":"Communaut\u00e9 oc\u00e9anique","item":"https:\/\/www.mercator-ocean.eu\/fr\/communaute-oceanique\/"},{"@type":"ListItem","position":3,"name":"Engagement de la Soci\u00e9t\u00e9 Civile"}]},{"@type":"WebSite","@id":"https:\/\/www.mercator-ocean.eu\/fr\/#website","url":"https:\/\/www.mercator-ocean.eu\/fr\/","name":"Mercator Ocean International","description":"","publisher":{"@id":"https:\/\/www.mercator-ocean.eu\/fr\/#organization"},"potentialAction":[{"@type":"SearchAction","target":{"@type":"EntryPoint","urlTemplate":"https:\/\/www.mercator-ocean.eu\/fr\/?s={search_term_string}"},"query-input":{"@type":"PropertyValueSpecification","valueRequired":true,"valueName":"search_term_string"}}],"inLanguage":"fr-FR"},{"@type":"Organization","@id":"https:\/\/www.mercator-ocean.eu\/fr\/#organization","name":"Mercator Ocean International","url":"https:\/\/www.mercator-ocean.eu\/fr\/","logo":{"@type":"ImageObject","inLanguage":"fr-FR","@id":"https:\/\/www.mercator-ocean.eu\/fr\/#\/schema\/logo\/image\/","url":"https:\/\/www.mercator-ocean.eu\/wp-content\/uploads\/2024\/12\/logo-mercator.png","contentUrl":"https:\/\/www.mercator-ocean.eu\/wp-content\/uploads\/2024\/12\/logo-mercator.png","width":541,"height":547,"caption":"Mercator Ocean International"},"image":{"@id":"https:\/\/www.mercator-ocean.eu\/fr\/#\/schema\/logo\/image\/"},"sameAs":["https:\/\/www.facebook.com\/MercatorOcean","https:\/\/x.com\/MercatorOcean","https:\/\/www.instagram.com\/mercator_ocean\/","https:\/\/www.linkedin.com\/company\/mercator-ocean\/","https:\/\/www.youtube.com\/user\/MERCATOROCEAN"]}]}},"_links":{"self":[{"href":"https:\/\/www.mercator-ocean.eu\/fr\/wp-json\/wp\/v2\/pages\/15718","targetHints":{"allow":["GET"]}}],"collection":[{"href":"https:\/\/www.mercator-ocean.eu\/fr\/wp-json\/wp\/v2\/pages"}],"about":[{"href":"https:\/\/www.mercator-ocean.eu\/fr\/wp-json\/wp\/v2\/types\/page"}],"author":[{"embeddable":true,"href":"https:\/\/www.mercator-ocean.eu\/fr\/wp-json\/wp\/v2\/users\/2"}],"replies":[{"embeddable":true,"href":"https:\/\/www.mercator-ocean.eu\/fr\/wp-json\/wp\/v2\/comments?post=15718"}],"version-history":[{"count":11,"href":"https:\/\/www.mercator-ocean.eu\/fr\/wp-json\/wp\/v2\/pages\/15718\/revisions"}],"predecessor-version":[{"id":16969,"href":"https:\/\/www.mercator-ocean.eu\/fr\/wp-json\/wp\/v2\/pages\/15718\/revisions\/16969"}],"up":[{"embeddable":true,"href":"https:\/\/www.mercator-ocean.eu\/fr\/wp-json\/wp\/v2\/pages\/15642"}],"wp:attachment":[{"href":"https:\/\/www.mercator-ocean.eu\/fr\/wp-json\/wp\/v2\/media?parent=15718"}],"wp:term":[{"taxonomy":"translation-status","embeddable":true,"href":"https:\/\/www.mercator-ocean.eu\/fr\/wp-json\/wp\/v2\/translation-status?post=15718"}],"curies":[{"name":"wp","href":"https:\/\/api.w.org\/{rel}","templated":true}]}}