{"id":15785,"date":"2024-03-29T10:02:27","date_gmt":"2024-03-29T10:02:27","guid":{"rendered":"https:\/\/www.mercator-ocean.eu\/actualites-evenements\/evenements\/nos-evenements-communautaires\/formations-archives-des-ateliers\/"},"modified":"2025-05-26T12:37:30","modified_gmt":"2025-05-26T12:37:30","slug":"formations-archives-des-ateliers","status":"publish","type":"page","link":"https:\/\/www.mercator-ocean.eu\/fr\/actualites-evenements\/evenements\/nos-evenements-communautaires\/formations-archives-des-ateliers\/","title":{"rendered":"Formations &amp; Archives des ateliers"},"content":{"rendered":"\t\t<div data-elementor-type=\"wp-page\" data-elementor-id=\"15785\" class=\"elementor elementor-15785 elementor-11081\" data-elementor-post-type=\"page\">\n\t\t\t\t<div class=\"elementor-element elementor-element-ff776e5 e-flex e-con-boxed e-con e-parent\" data-id=\"ff776e5\" data-element_type=\"container\" data-e-type=\"container\" data-settings=\"{&quot;background_background&quot;:&quot;classic&quot;}\">\n\t\t\t\t\t<div class=\"e-con-inner\">\n\t\t\t\t<div class=\"elementor-element elementor-element-8860ba8 elementor-widget elementor-widget-heading\" data-id=\"8860ba8\" data-element_type=\"widget\" data-e-type=\"widget\" data-widget_type=\"heading.default\">\n\t\t\t\t<div class=\"elementor-widget-container\">\n\t\t\t\t\t<h1 class=\"elementor-heading-title elementor-size-default\">Formations &amp; Ateliers <br><small>(archive)<\/small><\/h1>\t\t\t\t<\/div>\n\t\t\t\t<\/div>\n\t\t\t\t\t<\/div>\n\t\t\t\t<\/div>\n\t\t<div class=\"elementor-element elementor-element-948f430 e-flex e-con-boxed e-con e-parent\" data-id=\"948f430\" data-element_type=\"container\" data-e-type=\"container\" data-settings=\"{&quot;background_background&quot;:&quot;classic&quot;}\">\n\t\t\t\t\t<div class=\"e-con-inner\">\n\t\t\t\t<div class=\"elementor-element elementor-element-9f4919b elementor-widget elementor-widget-heading\" data-id=\"9f4919b\" data-element_type=\"widget\" data-e-type=\"widget\" data-widget_type=\"heading.default\">\n\t\t\t\t<div class=\"elementor-widget-container\">\n\t\t\t\t\t<h2 class=\"elementor-heading-title elementor-size-default\">\u00c9v\u00e9nements pass\u00e9s<\/h2>\t\t\t\t<\/div>\n\t\t\t\t<\/div>\n\t\t\t\t<div class=\"elementor-element elementor-element-3e88b46 elementor-grid-3 elementor-grid-tablet-2 elementor-grid-mobile-1 elementor-widget elementor-widget-loop-grid\" data-id=\"3e88b46\" data-element_type=\"widget\" data-e-type=\"widget\" data-settings=\"{&quot;template_id&quot;:16547,&quot;columns&quot;:3,&quot;pagination_type&quot;:&quot;numbers&quot;,&quot;_skin&quot;:&quot;post&quot;,&quot;columns_tablet&quot;:&quot;2&quot;,&quot;columns_mobile&quot;:&quot;1&quot;,&quot;edit_handle_selector&quot;:&quot;[data-elementor-type=\\&quot;loop-item\\&quot;]&quot;,&quot;pagination_load_type&quot;:&quot;page_reload&quot;,&quot;row_gap&quot;:{&quot;unit&quot;:&quot;px&quot;,&quot;size&quot;:&quot;&quot;,&quot;sizes&quot;:[]},&quot;row_gap_tablet&quot;:{&quot;unit&quot;:&quot;px&quot;,&quot;size&quot;:&quot;&quot;,&quot;sizes&quot;:[]},&quot;row_gap_mobile&quot;:{&quot;unit&quot;:&quot;px&quot;,&quot;size&quot;:&quot;&quot;,&quot;sizes&quot;:[]}}\" data-widget_type=\"loop-grid.post\">\n\t\t\t\t<div class=\"elementor-widget-container\">\n\t\t\t\t\t\t\t<div class=\"e-loop-nothing-found-message\">\n\t\t\t\t\t<div class=\"e-loop-nothing-found-message__text\">\n\t\t\t\tAucun \u00e9v\u00e9nement pass\u00e9 \u00e0 signaler pour l'instant...\t\t\t<\/div>\n\t\t\t<\/div>\n\t\t\t\t\t\t<\/div>\n\t\t\t\t<\/div>\n\t\t\t\t\t<\/div>\n\t\t\t\t<\/div>\n\t\t\t\t<\/div>\n\t\t","protected":false},"excerpt":{"rendered":"<p>Formations &amp; Ateliers (archive) \u00c9v\u00e9nements pass\u00e9s<\/p>\n","protected":false},"author":2,"featured_media":0,"parent":15779,"menu_order":0,"comment_status":"closed","ping_status":"closed","template":"","meta":{"_acf_changed":false,"footnotes":""},"translation-status":[],"class_list":["post-15785","page","type-page","status-publish","hentry"],"acf":[],"yoast_head":"<!-- This site is optimized with the Yoast SEO plugin v27.5 - https:\/\/yoast.com\/product\/yoast-seo-wordpress\/ -->\n<title>Formations &amp; Archives des ateliers - Mercator Ocean International<\/title>\n<meta name=\"robots\" content=\"index, follow, max-snippet:-1, max-image-preview:large, max-video-preview:-1\" \/>\n<link rel=\"canonical\" href=\"https:\/\/www.mercator-ocean.eu\/fr\/actualites-evenements\/evenements\/nos-evenements-communautaires\/formations-archives-des-ateliers\/\" \/>\n<meta property=\"og:locale\" content=\"fr_FR\" \/>\n<meta property=\"og:type\" content=\"article\" \/>\n<meta property=\"og:title\" content=\"Formations &amp; Archives des ateliers - Mercator Ocean International\" \/>\n<meta property=\"og:description\" content=\"Formations &amp; Ateliers (archive) \u00c9v\u00e9nements pass\u00e9s\" \/>\n<meta property=\"og:url\" content=\"https:\/\/www.mercator-ocean.eu\/fr\/actualites-evenements\/evenements\/nos-evenements-communautaires\/formations-archives-des-ateliers\/\" \/>\n<meta property=\"og:site_name\" content=\"Mercator Ocean International\" \/>\n<meta property=\"article:publisher\" content=\"https:\/\/www.facebook.com\/MercatorOcean\" \/>\n<meta property=\"article:modified_time\" content=\"2025-05-26T12:37:30+00:00\" \/>\n<meta name=\"twitter:card\" content=\"summary_large_image\" \/>\n<meta name=\"twitter:site\" content=\"@MercatorOcean\" \/>\n<script type=\"application\/ld+json\" class=\"yoast-schema-graph\">{\"@context\":\"https:\\\/\\\/schema.org\",\"@graph\":[{\"@type\":\"WebPage\",\"@id\":\"https:\\\/\\\/www.mercator-ocean.eu\\\/fr\\\/actualites-evenements\\\/evenements\\\/nos-evenements-communautaires\\\/formations-archives-des-ateliers\\\/\",\"url\":\"https:\\\/\\\/www.mercator-ocean.eu\\\/fr\\\/actualites-evenements\\\/evenements\\\/nos-evenements-communautaires\\\/formations-archives-des-ateliers\\\/\",\"name\":\"Formations &amp; Archives des ateliers - Mercator Ocean International\",\"isPartOf\":{\"@id\":\"https:\\\/\\\/www.mercator-ocean.eu\\\/fr\\\/#website\"},\"datePublished\":\"2024-03-29T10:02:27+00:00\",\"dateModified\":\"2025-05-26T12:37:30+00:00\",\"breadcrumb\":{\"@id\":\"https:\\\/\\\/www.mercator-ocean.eu\\\/fr\\\/actualites-evenements\\\/evenements\\\/nos-evenements-communautaires\\\/formations-archives-des-ateliers\\\/#breadcrumb\"},\"inLanguage\":\"fr-FR\",\"potentialAction\":[{\"@type\":\"ReadAction\",\"target\":[\"https:\\\/\\\/www.mercator-ocean.eu\\\/fr\\\/actualites-evenements\\\/evenements\\\/nos-evenements-communautaires\\\/formations-archives-des-ateliers\\\/\"]}]},{\"@type\":\"BreadcrumbList\",\"@id\":\"https:\\\/\\\/www.mercator-ocean.eu\\\/fr\\\/actualites-evenements\\\/evenements\\\/nos-evenements-communautaires\\\/formations-archives-des-ateliers\\\/#breadcrumb\",\"itemListElement\":[{\"@type\":\"ListItem\",\"position\":1,\"name\":\"Home\",\"item\":\"https:\\\/\\\/www.mercator-ocean.eu\\\/fr\\\/\"},{\"@type\":\"ListItem\",\"position\":2,\"name\":\"Actualit\u00e9s &amp; \u00c9v\u00e9nements\",\"item\":\"https:\\\/\\\/www.mercator-ocean.eu\\\/fr\\\/actualites-evenements\\\/\"},{\"@type\":\"ListItem\",\"position\":3,\"name\":\"Ev\u00e9nements\",\"item\":\"https:\\\/\\\/www.mercator-ocean.eu\\\/fr\\\/actualites-evenements\\\/evenements\\\/\"},{\"@type\":\"ListItem\",\"position\":4,\"name\":\"\u00c9v\u00e9nements de la Communaut\u00e9\",\"item\":\"https:\\\/\\\/www.mercator-ocean.eu\\\/fr\\\/actualites-evenements\\\/evenements\\\/nos-evenements-communautaires\\\/\"},{\"@type\":\"ListItem\",\"position\":5,\"name\":\"Formations &amp; Archives des ateliers\"}]},{\"@type\":\"WebSite\",\"@id\":\"https:\\\/\\\/www.mercator-ocean.eu\\\/fr\\\/#website\",\"url\":\"https:\\\/\\\/www.mercator-ocean.eu\\\/fr\\\/\",\"name\":\"Mercator Ocean International\",\"description\":\"\",\"publisher\":{\"@id\":\"https:\\\/\\\/www.mercator-ocean.eu\\\/fr\\\/#organization\"},\"potentialAction\":[{\"@type\":\"SearchAction\",\"target\":{\"@type\":\"EntryPoint\",\"urlTemplate\":\"https:\\\/\\\/www.mercator-ocean.eu\\\/fr\\\/?s={search_term_string}\"},\"query-input\":{\"@type\":\"PropertyValueSpecification\",\"valueRequired\":true,\"valueName\":\"search_term_string\"}}],\"inLanguage\":\"fr-FR\"},{\"@type\":\"Organization\",\"@id\":\"https:\\\/\\\/www.mercator-ocean.eu\\\/fr\\\/#organization\",\"name\":\"Mercator Ocean International\",\"url\":\"https:\\\/\\\/www.mercator-ocean.eu\\\/fr\\\/\",\"logo\":{\"@type\":\"ImageObject\",\"inLanguage\":\"fr-FR\",\"@id\":\"https:\\\/\\\/www.mercator-ocean.eu\\\/fr\\\/#\\\/schema\\\/logo\\\/image\\\/\",\"url\":\"https:\\\/\\\/www.mercator-ocean.eu\\\/wp-content\\\/uploads\\\/2024\\\/12\\\/logo-mercator.png\",\"contentUrl\":\"https:\\\/\\\/www.mercator-ocean.eu\\\/wp-content\\\/uploads\\\/2024\\\/12\\\/logo-mercator.png\",\"width\":541,\"height\":547,\"caption\":\"Mercator Ocean International\"},\"image\":{\"@id\":\"https:\\\/\\\/www.mercator-ocean.eu\\\/fr\\\/#\\\/schema\\\/logo\\\/image\\\/\"},\"sameAs\":[\"https:\\\/\\\/www.facebook.com\\\/MercatorOcean\",\"https:\\\/\\\/x.com\\\/MercatorOcean\",\"https:\\\/\\\/www.instagram.com\\\/mercator_ocean\\\/\",\"https:\\\/\\\/www.linkedin.com\\\/company\\\/mercator-ocean\\\/\",\"https:\\\/\\\/www.youtube.com\\\/user\\\/MERCATOROCEAN\"]}]}<\/script>\n<!-- \/ Yoast SEO plugin. -->","yoast_head_json":{"title":"Formations &amp; Archives des ateliers - Mercator Ocean International","robots":{"index":"index","follow":"follow","max-snippet":"max-snippet:-1","max-image-preview":"max-image-preview:large","max-video-preview":"max-video-preview:-1"},"canonical":"https:\/\/www.mercator-ocean.eu\/fr\/actualites-evenements\/evenements\/nos-evenements-communautaires\/formations-archives-des-ateliers\/","og_locale":"fr_FR","og_type":"article","og_title":"Formations &amp; Archives des ateliers - Mercator Ocean International","og_description":"Formations &amp; Ateliers (archive) \u00c9v\u00e9nements pass\u00e9s","og_url":"https:\/\/www.mercator-ocean.eu\/fr\/actualites-evenements\/evenements\/nos-evenements-communautaires\/formations-archives-des-ateliers\/","og_site_name":"Mercator Ocean International","article_publisher":"https:\/\/www.facebook.com\/MercatorOcean","article_modified_time":"2025-05-26T12:37:30+00:00","twitter_card":"summary_large_image","twitter_site":"@MercatorOcean","schema":{"@context":"https:\/\/schema.org","@graph":[{"@type":"WebPage","@id":"https:\/\/www.mercator-ocean.eu\/fr\/actualites-evenements\/evenements\/nos-evenements-communautaires\/formations-archives-des-ateliers\/","url":"https:\/\/www.mercator-ocean.eu\/fr\/actualites-evenements\/evenements\/nos-evenements-communautaires\/formations-archives-des-ateliers\/","name":"Formations &amp; Archives des ateliers - Mercator Ocean International","isPartOf":{"@id":"https:\/\/www.mercator-ocean.eu\/fr\/#website"},"datePublished":"2024-03-29T10:02:27+00:00","dateModified":"2025-05-26T12:37:30+00:00","breadcrumb":{"@id":"https:\/\/www.mercator-ocean.eu\/fr\/actualites-evenements\/evenements\/nos-evenements-communautaires\/formations-archives-des-ateliers\/#breadcrumb"},"inLanguage":"fr-FR","potentialAction":[{"@type":"ReadAction","target":["https:\/\/www.mercator-ocean.eu\/fr\/actualites-evenements\/evenements\/nos-evenements-communautaires\/formations-archives-des-ateliers\/"]}]},{"@type":"BreadcrumbList","@id":"https:\/\/www.mercator-ocean.eu\/fr\/actualites-evenements\/evenements\/nos-evenements-communautaires\/formations-archives-des-ateliers\/#breadcrumb","itemListElement":[{"@type":"ListItem","position":1,"name":"Home","item":"https:\/\/www.mercator-ocean.eu\/fr\/"},{"@type":"ListItem","position":2,"name":"Actualit\u00e9s &amp; \u00c9v\u00e9nements","item":"https:\/\/www.mercator-ocean.eu\/fr\/actualites-evenements\/"},{"@type":"ListItem","position":3,"name":"Ev\u00e9nements","item":"https:\/\/www.mercator-ocean.eu\/fr\/actualites-evenements\/evenements\/"},{"@type":"ListItem","position":4,"name":"\u00c9v\u00e9nements de la Communaut\u00e9","item":"https:\/\/www.mercator-ocean.eu\/fr\/actualites-evenements\/evenements\/nos-evenements-communautaires\/"},{"@type":"ListItem","position":5,"name":"Formations &amp; Archives des ateliers"}]},{"@type":"WebSite","@id":"https:\/\/www.mercator-ocean.eu\/fr\/#website","url":"https:\/\/www.mercator-ocean.eu\/fr\/","name":"Mercator Ocean International","description":"","publisher":{"@id":"https:\/\/www.mercator-ocean.eu\/fr\/#organization"},"potentialAction":[{"@type":"SearchAction","target":{"@type":"EntryPoint","urlTemplate":"https:\/\/www.mercator-ocean.eu\/fr\/?s={search_term_string}"},"query-input":{"@type":"PropertyValueSpecification","valueRequired":true,"valueName":"search_term_string"}}],"inLanguage":"fr-FR"},{"@type":"Organization","@id":"https:\/\/www.mercator-ocean.eu\/fr\/#organization","name":"Mercator Ocean International","url":"https:\/\/www.mercator-ocean.eu\/fr\/","logo":{"@type":"ImageObject","inLanguage":"fr-FR","@id":"https:\/\/www.mercator-ocean.eu\/fr\/#\/schema\/logo\/image\/","url":"https:\/\/www.mercator-ocean.eu\/wp-content\/uploads\/2024\/12\/logo-mercator.png","contentUrl":"https:\/\/www.mercator-ocean.eu\/wp-content\/uploads\/2024\/12\/logo-mercator.png","width":541,"height":547,"caption":"Mercator Ocean International"},"image":{"@id":"https:\/\/www.mercator-ocean.eu\/fr\/#\/schema\/logo\/image\/"},"sameAs":["https:\/\/www.facebook.com\/MercatorOcean","https:\/\/x.com\/MercatorOcean","https:\/\/www.instagram.com\/mercator_ocean\/","https:\/\/www.linkedin.com\/company\/mercator-ocean\/","https:\/\/www.youtube.com\/user\/MERCATOROCEAN"]}]}},"_links":{"self":[{"href":"https:\/\/www.mercator-ocean.eu\/fr\/wp-json\/wp\/v2\/pages\/15785","targetHints":{"allow":["GET"]}}],"collection":[{"href":"https:\/\/www.mercator-ocean.eu\/fr\/wp-json\/wp\/v2\/pages"}],"about":[{"href":"https:\/\/www.mercator-ocean.eu\/fr\/wp-json\/wp\/v2\/types\/page"}],"author":[{"embeddable":true,"href":"https:\/\/www.mercator-ocean.eu\/fr\/wp-json\/wp\/v2\/users\/2"}],"replies":[{"embeddable":true,"href":"https:\/\/www.mercator-ocean.eu\/fr\/wp-json\/wp\/v2\/comments?post=15785"}],"version-history":[{"count":5,"href":"https:\/\/www.mercator-ocean.eu\/fr\/wp-json\/wp\/v2\/pages\/15785\/revisions"}],"predecessor-version":[{"id":16756,"href":"https:\/\/www.mercator-ocean.eu\/fr\/wp-json\/wp\/v2\/pages\/15785\/revisions\/16756"}],"up":[{"embeddable":true,"href":"https:\/\/www.mercator-ocean.eu\/fr\/wp-json\/wp\/v2\/pages\/15779"}],"wp:attachment":[{"href":"https:\/\/www.mercator-ocean.eu\/fr\/wp-json\/wp\/v2\/media?parent=15785"}],"wp:term":[{"taxonomy":"translation-status","embeddable":true,"href":"https:\/\/www.mercator-ocean.eu\/fr\/wp-json\/wp\/v2\/translation-status?post=15785"}],"curies":[{"name":"wp","href":"https:\/\/api.w.org\/{rel}","templated":true}]}}