{"id":15835,"date":"2024-01-22T15:13:46","date_gmt":"2024-01-22T15:13:46","guid":{"rendered":"https:\/\/www.mercator-ocean.eu\/avis-juridique\/"},"modified":"2025-05-26T12:37:17","modified_gmt":"2025-05-26T12:37:17","slug":"avis-juridique","status":"publish","type":"page","link":"https:\/\/www.mercator-ocean.eu\/fr\/avis-juridique\/","title":{"rendered":"Avis juridique"},"content":{"rendered":"\t\t<div data-elementor-type=\"wp-page\" data-elementor-id=\"15835\" class=\"elementor elementor-15835 elementor-5472\" data-elementor-post-type=\"page\">\n\t\t\t\t<div class=\"elementor-element elementor-element-3b1f16c2 e-flex e-con-boxed e-con e-parent\" data-id=\"3b1f16c2\" data-element_type=\"container\" data-e-type=\"container\" data-settings=\"{&quot;background_background&quot;:&quot;classic&quot;}\">\n\t\t\t\t\t<div class=\"e-con-inner\">\n\t\t\t\t<div class=\"elementor-element elementor-element-24f39e16 elementor-widget elementor-widget-heading\" data-id=\"24f39e16\" data-element_type=\"widget\" data-e-type=\"widget\" data-widget_type=\"heading.default\">\n\t\t\t\t<div class=\"elementor-widget-container\">\n\t\t\t\t\t<h1 class=\"elementor-heading-title elementor-size-default\">Avis juridique<\/h1>\t\t\t\t<\/div>\n\t\t\t\t<\/div>\n\t\t\t\t\t<\/div>\n\t\t\t\t<\/div>\n\t\t<div class=\"elementor-element elementor-element-19431449 e-flex e-con-boxed e-con e-parent\" data-id=\"19431449\" data-element_type=\"container\" data-e-type=\"container\" data-settings=\"{&quot;background_background&quot;:&quot;classic&quot;}\">\n\t\t\t\t\t<div class=\"e-con-inner\">\n\t\t\t\t<div class=\"elementor-element elementor-element-3c921acf elementor-widget elementor-widget-table-of-contents\" data-id=\"3c921acf\" data-element_type=\"widget\" data-e-type=\"widget\" data-settings=\"{&quot;headings_by_tags&quot;:[&quot;h2&quot;,&quot;h3&quot;],&quot;exclude_headings_by_selector&quot;:[],&quot;marker_view&quot;:&quot;numbers&quot;,&quot;no_headings_message&quot;:&quot;Aucun titre n\\u2019a \\u00e9t\\u00e9 trouv\\u00e9 sur cette page.&quot;,&quot;hierarchical_view&quot;:&quot;yes&quot;,&quot;min_height&quot;:{&quot;unit&quot;:&quot;px&quot;,&quot;size&quot;:&quot;&quot;,&quot;sizes&quot;:[]},&quot;min_height_tablet&quot;:{&quot;unit&quot;:&quot;px&quot;,&quot;size&quot;:&quot;&quot;,&quot;sizes&quot;:[]},&quot;min_height_mobile&quot;:{&quot;unit&quot;:&quot;px&quot;,&quot;size&quot;:&quot;&quot;,&quot;sizes&quot;:[]}}\" data-widget_type=\"table-of-contents.default\">\n\t\t\t\t<div class=\"elementor-widget-container\">\n\t\t\t\t\t\t\t\t\t<div class=\"elementor-toc__header\">\n\t\t\t\t\t\t<h4 class=\"elementor-toc__header-title\">\n\t\t\t\tR\u00e9sum\u00e9\t\t\t<\/h4>\n\t\t\t\t\t\t\t\t<\/div>\n\t\t\t\t<div id=\"elementor-toc__3c921acf\" class=\"elementor-toc__body\">\n\t\t\t<div class=\"elementor-toc__spinner-container\">\n\t\t\t\t<svg class=\"elementor-toc__spinner eicon-animation-spin e-font-icon-svg e-eicon-loading\" aria-hidden=\"true\" viewBox=\"0 0 1000 1000\" xmlns=\"http:\/\/www.w3.org\/2000\/svg\"><path d=\"M500 975V858C696 858 858 696 858 500S696 142 500 142 142 304 142 500H25C25 237 238 25 500 25S975 237 975 500 763 975 500 975Z\"><\/path><\/svg>\t\t\t<\/div>\n\t\t<\/div>\n\t\t\t\t\t\t<\/div>\n\t\t\t\t<\/div>\n\t\t\t\t<div class=\"elementor-element elementor-element-2430b07e elementor-widget elementor-widget-text-editor\" data-id=\"2430b07e\" data-element_type=\"widget\" data-e-type=\"widget\" data-widget_type=\"text-editor.default\">\n\t\t\t\t<div class=\"elementor-widget-container\">\n\t\t\t\t\t\t\t\t\t<p><strong><em>Derni\u00e8re mise \u00e0 jour : 18\/01\/2024<\/em><\/strong><\/p><h2>Article 1 : Identit\u00e9 des parties<\/h2><p>\u00c9diteur, h\u00f4te et responsabilit\u00e9 de la publication<br>Vous \u00eates actuellement connect\u00e9 au site <a href=\"https:\/\/www.mercator-ocean.eu\/\" target=\"_blank\" rel=\"noopener\">https:\/\/www.mercator-ocean.eu\/en<\/a>le Site est h\u00e9berg\u00e9 et \u00e9dit\u00e9 par la soci\u00e9t\u00e9 MERCATOR OCEAN INTERNATIONAL sous la forme d&rsquo;une soci\u00e9t\u00e9 civile, au capital de 2 000 000 \u20ac dont le si\u00e8ge social est situ\u00e9 2 avenue de l&rsquo;A\u00e9rodrome de Montaudran, 31400 Toulouse, et immatricul\u00e9e au Registre du Commerce et des Soci\u00e9t\u00e9s sous le n\u00b0 522 911 577 et sous le num\u00e9ro de TVA intracommunautaire FR 12 522 911 577 repr\u00e9sent\u00e9e par Pierre Bahurel, Directeur G\u00e9n\u00e9ral de MERCATOR OCEAN.<br>Ci-apr\u00e8s \u00ab\u00a0l&rsquo;\u00e9diteur\u00a0\u00bb<\/p><p>Le directeur de la publication et de la r\u00e9daction est Laurence Crosnier, responsable du service March\u00e9s &amp;, r\u00e9f\u00e9rent pour toute question relative \u00e0 la diffusion et au contenu du site.<br>Pour toute question, vous pouvez nous contacter \u00e0 l&rsquo;adresse postale ci-dessous :<\/p><p><strong>MERCATOR OCEAN INTERNATIONAL<\/strong><br>D\u00e9partement Marketing et Communication<br>2 avenue de l&rsquo;A\u00e9rodrome de Montaudran<br>31400 Toulouse<br>France<\/p><h2>Article 2 : D\u00e9finitions<\/h2><p>Contenu : L&rsquo;ensemble des \u00e9l\u00e9ments graphiques et textuels constituant le site.<br>Cookies : petit fichier de donn\u00e9es copi\u00e9 sur le disque dur de votre ordinateur par un site web.<br>Donn\u00e9es personnelles : Toute information relative \u00e0 une personne identifi\u00e9e.<br>Site : Le site appartenant \u00e0 la soci\u00e9t\u00e9 MERCATOR OCEAN INTERNATIONAL, disponible \u00e0 l&rsquo; <a href=\"https:\/\/www.mercator-ocean.eu\/\" target=\"_blank\" rel=\"noopener\">adresse https:\/\/www.mercator-ocean.eu\/<\/a> et tout sous-domaine qui lui est attribu\u00e9.<br>Utilisateur : personne qui se connecte et navigue sur le site web.<\/p><h2>Article 3 : Propri\u00e9t\u00e9 intellectuelle<\/h2><p>Les \u00e9l\u00e9ments graphiques du site sont la propri\u00e9t\u00e9 exclusive de Mercator Ocean International.<br>Tous les \u00e9l\u00e9ments graphiques, de marque et d&rsquo;illustration qui apparaissent sur le site de Mercator Ocean sont prot\u00e9g\u00e9s par le droit d&rsquo;auteur et le droit des marques fran\u00e7ais.<\/p><p>Le Site et chacun des \u00e9l\u00e9ments qui le composent (le Contenu), notamment les textes, articles, lettres d&rsquo;information, communiqu\u00e9s de presse, pr\u00e9sentations, brochures, images (anim\u00e9es ou non) sont la propri\u00e9t\u00e9 intellectuelle exclusive de la soci\u00e9t\u00e9 Mercator Ocean.<br>L&rsquo;utilisateur n&rsquo;est autoris\u00e9 qu&rsquo;\u00e0 visualiser le Site sur l&rsquo;\u00e9cran de son terminal personnel (ordinateur, mobile, tablette), \u00e0 imprimer les pages du Site pour son usage personnel et \u00e0 reproduire temporairement les fichiers qui le constituent dans la m\u00e9moire cache de cet ordinateur aux seules fins de faciliter la consultation du Site.<br>Ces droits d&rsquo;utilisation sont incessibles et non exclusifs.<\/p><p>En particulier et sous r\u00e9serve des dispositions de l&rsquo;alin\u00e9a pr\u00e9c\u00e9dent, l&rsquo;Utilisateur n&rsquo;est pas autoris\u00e9 \u00e0 reproduire, repr\u00e9senter, modifier, traduire et\/ou adapter, partiellement ou totalement, \u00e0 titre on\u00e9reux ou gratuit, le Site et chacun des \u00e9l\u00e9ments qui le composent, et reproduire et\/ou repr\u00e9senter de telles traductions, adaptations et modifications, partiellement ou totalement, \u00e0 titre on\u00e9reux ou gratuit, sans l&rsquo;accord pr\u00e9alable et \u00e9crit de Mercator Ocean.<br>En cas d&rsquo;utilisation ill\u00e9gale ou non autoris\u00e9e du Site, Mercator Ocean se r\u00e9serve le droit de prendre toute mesure appropri\u00e9e qu&rsquo;elle estime n\u00e9cessaire et, le cas \u00e9ch\u00e9ant, d&rsquo;intenter toute action en justice appropri\u00e9e, et\/ou de signaler l&rsquo;infraction aux autorit\u00e9s judiciaires et de police.<\/p><h3>Cr\u00e9dits photos et illustrations :<\/h3><p>Les photos diffus\u00e9es sur le Site sont des photos libres de droit ou de propri\u00e9t\u00e9, le cas \u00e9ch\u00e9ant, les cr\u00e9dits photographiques sont indiqu\u00e9s sous chacune des illustrations, photos ou \u0153uvres concern\u00e9es. L&rsquo;ensemble est prot\u00e9g\u00e9 par le droit d&rsquo;auteur en tant que contenu du site.<\/p><h2>Article 4 : Liens hypertextes<\/h2><p>Mercator Ocean veille \u00e0 la qualit\u00e9 de ses liens hypertextes vers des sites tiers. Toutefois, en cas de violation du site tiers (piratage, d\u00e9fa\u00e7age, DDOS, et face aux al\u00e9as du r\u00e9seau Internet, la soci\u00e9t\u00e9 Mercator Ocean ne saurait \u00eatre tenue pour responsable du contenu de celui-ci, en dehors du contenu int\u00e9gr\u00e9 par framing.<br>Mercator Ocean ne contr\u00f4le pas et n&rsquo;a aucun contr\u00f4le sur le contenu de ces sites, il vous invite \u00e0 la plus grande prudence quant \u00e0 la redirection de ces sites.<\/p><h2>Article 5 : Donn\u00e9es \u00e0 caract\u00e8re personnel<\/h2><p>Les donn\u00e9es personnelles collect\u00e9es sur le site sont exclusivement destin\u00e9es \u00e0 fournir des informations sur les activit\u00e9s de l&rsquo;entreprise et \u00e0 contacter les personnes concern\u00e9es, et par extension \u00e0 permettre \u00e0 l&rsquo;utilisateur de profiter des services offerts par le Site.<\/p><p>En application des dispositions imp\u00e9ratives du RGPD et de la loi Informatique et Libert\u00e9s, l&rsquo;Utilisateur peut demander la communication de ses Donn\u00e9es Personnelles et exiger que soient, selon les cas, rectifi\u00e9es, compl\u00e9t\u00e9es, mises \u00e0 jour, verrouill\u00e9es ou effac\u00e9es les Donn\u00e9es Personnelles inexactes, incompl\u00e8tes, \u00e9quivoques, p\u00e9rim\u00e9es, ou dont la collecte, l&rsquo;utilisation, la communication ou la conservation est interdite.<br>Pour cela, l&rsquo;utilisateur doit contacter Mercator Ocean en utilisant les coordonn\u00e9es fournies ci-dessus.<br>La soci\u00e9t\u00e9 Mercator Ocean souhaitant permettre \u00e0 ses utilisateurs d&rsquo;exercer ses droits par le m\u00eame moyen que celui par lequel les donn\u00e9es sont collect\u00e9es met \u00e0 disposition deux adresses pour les demandes d&rsquo;exercice des droits sur les donn\u00e9es personnelles.<\/p><p>Si un utilisateur souhaite exercer les droits mentionn\u00e9s ci-dessus, il doit alors envoyer une lettre \u00e0 l&rsquo;adresse postale suivante :<br>MERCATOR OCEAN<br>D\u00e9partement March\u00e9s &amp; Services<br>2 avenue de l&rsquo;A\u00e9rodrome de Montaudran<br>31400 Toulouse<br>France<\/p><p>ou \u00e0 l&rsquo;adresse \u00e9lectronique : <a href=\"mailto:dpo@mercator-ocean.fr\">dpo@mercator-ocean.fr<\/a><br>Pour plus d&rsquo;informations concernant la protection des donn\u00e9es des utilisateurs du Site, vous pouvez consulter la <a title=\"politique de confidentialit\u00e9 des donn\u00e9es\" href=\"https:\/\/www.mercator-ocean.eu\/fr\/politique-de-confidentialite\/\" target=\"_blank\" rel=\"noopener\">politique de protection des donn\u00e9es<\/a>.<\/p><h2>Article 6 : Politique de gestion des cookies<\/h2><p>Un cookie est un petit fichier de donn\u00e9es copi\u00e9 sur le disque dur de votre ordinateur par un site web. Il enregistre des informations relatives \u00e0 la navigation de votre ordinateur sur un site (comme, par exemple, les pages visit\u00e9es ou les dates et heures de consultation), qui pourront \u00eatre lues lors de vos visites ult\u00e9rieures sur le site. Mercator Ocean peut envoyer des cookies lorsque vous naviguez sur le site ou lorsque vous vous inscrivez pour acc\u00e9der \u00e0 un service en ligne. Pour plus d&rsquo;informations, vous pouvez consulter notre <a href=\"https:\/\/www.mercator-ocean.eu\/fr\/politique-de-confidentialite\/\" target=\"_blank\" rel=\"noopener\">politique de protection des donn\u00e9es <\/a>, section cookies.<\/p><h2>Article 7 : Mises \u00e0 jour<\/h2><p>Mercator Ocean se r\u00e9serve le droit de mettre \u00e0 jour cette notice l\u00e9gale \u00e0 tout moment.<br>Mercator Ocean invite donc les Utilisateurs \u00e0 visiter cette page lors de chaque consultation du site afin d&rsquo;en prendre connaissance.<\/p><h2>Article 8 Droit applicable<\/h2><p>Ce site est soumis \u00e0 la loi fran\u00e7aise.<\/p>\t\t\t\t\t\t\t\t<\/div>\n\t\t\t\t<\/div>\n\t\t\t\t\t<\/div>\n\t\t\t\t<\/div>\n\t\t\t\t<\/div>\n\t\t","protected":false},"excerpt":{"rendered":"<p>Avis juridique R\u00e9sum\u00e9 Derni\u00e8re mise \u00e0 jour : 18\/01\/2024 Article 1 : Identit\u00e9 des parties \u00c9diteur, h\u00f4te et responsabilit\u00e9 de la publicationVous \u00eates actuellement connect\u00e9 au site https:\/\/www.mercator-ocean.eu\/enle Site est h\u00e9berg\u00e9 et \u00e9dit\u00e9 par la soci\u00e9t\u00e9 MERCATOR OCEAN INTERNATIONAL sous la forme d&rsquo;une soci\u00e9t\u00e9 civile, au capital de 2 000 000 \u20ac dont le si\u00e8ge [&hellip;]<\/p>\n","protected":false},"author":2,"featured_media":0,"parent":0,"menu_order":51,"comment_status":"closed","ping_status":"closed","template":"","meta":{"_acf_changed":false,"footnotes":""},"translation-status":[],"class_list":["post-15835","page","type-page","status-publish","hentry"],"acf":[],"yoast_head":"<!-- This site is optimized with the Yoast SEO plugin v27.4 - https:\/\/yoast.com\/product\/yoast-seo-wordpress\/ -->\n<title>Avis juridique - Mercator Ocean International<\/title>\n<meta name=\"robots\" content=\"index, follow, max-snippet:-1, max-image-preview:large, max-video-preview:-1\" \/>\n<link rel=\"canonical\" href=\"https:\/\/www.mercator-ocean.eu\/fr\/avis-juridique\/\" \/>\n<meta property=\"og:locale\" content=\"fr_FR\" \/>\n<meta property=\"og:type\" content=\"article\" \/>\n<meta property=\"og:title\" content=\"Avis juridique - Mercator Ocean International\" \/>\n<meta property=\"og:description\" content=\"Avis juridique R\u00e9sum\u00e9 Derni\u00e8re mise \u00e0 jour : 18\/01\/2024 Article 1 : Identit\u00e9 des parties \u00c9diteur, h\u00f4te et responsabilit\u00e9 de la publicationVous \u00eates actuellement connect\u00e9 au site https:\/\/www.mercator-ocean.eu\/enle Site est h\u00e9berg\u00e9 et \u00e9dit\u00e9 par la soci\u00e9t\u00e9 MERCATOR OCEAN INTERNATIONAL sous la forme d&rsquo;une soci\u00e9t\u00e9 civile, au capital de 2 000 000 \u20ac dont le si\u00e8ge [&hellip;]\" \/>\n<meta property=\"og:url\" content=\"https:\/\/www.mercator-ocean.eu\/fr\/avis-juridique\/\" \/>\n<meta property=\"og:site_name\" content=\"Mercator Ocean International\" \/>\n<meta property=\"article:publisher\" content=\"https:\/\/www.facebook.com\/MercatorOcean\" \/>\n<meta property=\"article:modified_time\" content=\"2025-05-26T12:37:17+00:00\" \/>\n<meta name=\"twitter:card\" content=\"summary_large_image\" \/>\n<meta name=\"twitter:site\" content=\"@MercatorOcean\" \/>\n<meta name=\"twitter:label1\" content=\"Dur\u00e9e de lecture estim\u00e9e\" \/>\n\t<meta name=\"twitter:data1\" content=\"5 minutes\" \/>\n<script type=\"application\/ld+json\" class=\"yoast-schema-graph\">{\"@context\":\"https:\\\/\\\/schema.org\",\"@graph\":[{\"@type\":\"WebPage\",\"@id\":\"https:\\\/\\\/www.mercator-ocean.eu\\\/fr\\\/avis-juridique\\\/\",\"url\":\"https:\\\/\\\/www.mercator-ocean.eu\\\/fr\\\/avis-juridique\\\/\",\"name\":\"Avis juridique - Mercator Ocean International\",\"isPartOf\":{\"@id\":\"https:\\\/\\\/www.mercator-ocean.eu\\\/fr\\\/#website\"},\"datePublished\":\"2024-01-22T15:13:46+00:00\",\"dateModified\":\"2025-05-26T12:37:17+00:00\",\"breadcrumb\":{\"@id\":\"https:\\\/\\\/www.mercator-ocean.eu\\\/fr\\\/avis-juridique\\\/#breadcrumb\"},\"inLanguage\":\"fr-FR\",\"potentialAction\":[{\"@type\":\"ReadAction\",\"target\":[\"https:\\\/\\\/www.mercator-ocean.eu\\\/fr\\\/avis-juridique\\\/\"]}]},{\"@type\":\"BreadcrumbList\",\"@id\":\"https:\\\/\\\/www.mercator-ocean.eu\\\/fr\\\/avis-juridique\\\/#breadcrumb\",\"itemListElement\":[{\"@type\":\"ListItem\",\"position\":1,\"name\":\"Home\",\"item\":\"https:\\\/\\\/www.mercator-ocean.eu\\\/fr\\\/\"},{\"@type\":\"ListItem\",\"position\":2,\"name\":\"Avis juridique\"}]},{\"@type\":\"WebSite\",\"@id\":\"https:\\\/\\\/www.mercator-ocean.eu\\\/fr\\\/#website\",\"url\":\"https:\\\/\\\/www.mercator-ocean.eu\\\/fr\\\/\",\"name\":\"Mercator Ocean International\",\"description\":\"\",\"publisher\":{\"@id\":\"https:\\\/\\\/www.mercator-ocean.eu\\\/fr\\\/#organization\"},\"potentialAction\":[{\"@type\":\"SearchAction\",\"target\":{\"@type\":\"EntryPoint\",\"urlTemplate\":\"https:\\\/\\\/www.mercator-ocean.eu\\\/fr\\\/?s={search_term_string}\"},\"query-input\":{\"@type\":\"PropertyValueSpecification\",\"valueRequired\":true,\"valueName\":\"search_term_string\"}}],\"inLanguage\":\"fr-FR\"},{\"@type\":\"Organization\",\"@id\":\"https:\\\/\\\/www.mercator-ocean.eu\\\/fr\\\/#organization\",\"name\":\"Mercator Ocean International\",\"url\":\"https:\\\/\\\/www.mercator-ocean.eu\\\/fr\\\/\",\"logo\":{\"@type\":\"ImageObject\",\"inLanguage\":\"fr-FR\",\"@id\":\"https:\\\/\\\/www.mercator-ocean.eu\\\/fr\\\/#\\\/schema\\\/logo\\\/image\\\/\",\"url\":\"https:\\\/\\\/www.mercator-ocean.eu\\\/wp-content\\\/uploads\\\/2024\\\/12\\\/logo-mercator.png\",\"contentUrl\":\"https:\\\/\\\/www.mercator-ocean.eu\\\/wp-content\\\/uploads\\\/2024\\\/12\\\/logo-mercator.png\",\"width\":541,\"height\":547,\"caption\":\"Mercator Ocean International\"},\"image\":{\"@id\":\"https:\\\/\\\/www.mercator-ocean.eu\\\/fr\\\/#\\\/schema\\\/logo\\\/image\\\/\"},\"sameAs\":[\"https:\\\/\\\/www.facebook.com\\\/MercatorOcean\",\"https:\\\/\\\/x.com\\\/MercatorOcean\",\"https:\\\/\\\/www.instagram.com\\\/mercator_ocean\\\/\",\"https:\\\/\\\/www.linkedin.com\\\/company\\\/mercator-ocean\\\/\",\"https:\\\/\\\/www.youtube.com\\\/user\\\/MERCATOROCEAN\"]}]}<\/script>\n<!-- \/ Yoast SEO plugin. -->","yoast_head_json":{"title":"Avis juridique - Mercator Ocean International","robots":{"index":"index","follow":"follow","max-snippet":"max-snippet:-1","max-image-preview":"max-image-preview:large","max-video-preview":"max-video-preview:-1"},"canonical":"https:\/\/www.mercator-ocean.eu\/fr\/avis-juridique\/","og_locale":"fr_FR","og_type":"article","og_title":"Avis juridique - Mercator Ocean International","og_description":"Avis juridique R\u00e9sum\u00e9 Derni\u00e8re mise \u00e0 jour : 18\/01\/2024 Article 1 : Identit\u00e9 des parties \u00c9diteur, h\u00f4te et responsabilit\u00e9 de la publicationVous \u00eates actuellement connect\u00e9 au site https:\/\/www.mercator-ocean.eu\/enle Site est h\u00e9berg\u00e9 et \u00e9dit\u00e9 par la soci\u00e9t\u00e9 MERCATOR OCEAN INTERNATIONAL sous la forme d&rsquo;une soci\u00e9t\u00e9 civile, au capital de 2 000 000 \u20ac dont le si\u00e8ge [&hellip;]","og_url":"https:\/\/www.mercator-ocean.eu\/fr\/avis-juridique\/","og_site_name":"Mercator Ocean International","article_publisher":"https:\/\/www.facebook.com\/MercatorOcean","article_modified_time":"2025-05-26T12:37:17+00:00","twitter_card":"summary_large_image","twitter_site":"@MercatorOcean","twitter_misc":{"Dur\u00e9e de lecture estim\u00e9e":"5 minutes"},"schema":{"@context":"https:\/\/schema.org","@graph":[{"@type":"WebPage","@id":"https:\/\/www.mercator-ocean.eu\/fr\/avis-juridique\/","url":"https:\/\/www.mercator-ocean.eu\/fr\/avis-juridique\/","name":"Avis juridique - Mercator Ocean International","isPartOf":{"@id":"https:\/\/www.mercator-ocean.eu\/fr\/#website"},"datePublished":"2024-01-22T15:13:46+00:00","dateModified":"2025-05-26T12:37:17+00:00","breadcrumb":{"@id":"https:\/\/www.mercator-ocean.eu\/fr\/avis-juridique\/#breadcrumb"},"inLanguage":"fr-FR","potentialAction":[{"@type":"ReadAction","target":["https:\/\/www.mercator-ocean.eu\/fr\/avis-juridique\/"]}]},{"@type":"BreadcrumbList","@id":"https:\/\/www.mercator-ocean.eu\/fr\/avis-juridique\/#breadcrumb","itemListElement":[{"@type":"ListItem","position":1,"name":"Home","item":"https:\/\/www.mercator-ocean.eu\/fr\/"},{"@type":"ListItem","position":2,"name":"Avis juridique"}]},{"@type":"WebSite","@id":"https:\/\/www.mercator-ocean.eu\/fr\/#website","url":"https:\/\/www.mercator-ocean.eu\/fr\/","name":"Mercator Ocean International","description":"","publisher":{"@id":"https:\/\/www.mercator-ocean.eu\/fr\/#organization"},"potentialAction":[{"@type":"SearchAction","target":{"@type":"EntryPoint","urlTemplate":"https:\/\/www.mercator-ocean.eu\/fr\/?s={search_term_string}"},"query-input":{"@type":"PropertyValueSpecification","valueRequired":true,"valueName":"search_term_string"}}],"inLanguage":"fr-FR"},{"@type":"Organization","@id":"https:\/\/www.mercator-ocean.eu\/fr\/#organization","name":"Mercator Ocean International","url":"https:\/\/www.mercator-ocean.eu\/fr\/","logo":{"@type":"ImageObject","inLanguage":"fr-FR","@id":"https:\/\/www.mercator-ocean.eu\/fr\/#\/schema\/logo\/image\/","url":"https:\/\/www.mercator-ocean.eu\/wp-content\/uploads\/2024\/12\/logo-mercator.png","contentUrl":"https:\/\/www.mercator-ocean.eu\/wp-content\/uploads\/2024\/12\/logo-mercator.png","width":541,"height":547,"caption":"Mercator Ocean International"},"image":{"@id":"https:\/\/www.mercator-ocean.eu\/fr\/#\/schema\/logo\/image\/"},"sameAs":["https:\/\/www.facebook.com\/MercatorOcean","https:\/\/x.com\/MercatorOcean","https:\/\/www.instagram.com\/mercator_ocean\/","https:\/\/www.linkedin.com\/company\/mercator-ocean\/","https:\/\/www.youtube.com\/user\/MERCATOROCEAN"]}]}},"_links":{"self":[{"href":"https:\/\/www.mercator-ocean.eu\/fr\/wp-json\/wp\/v2\/pages\/15835","targetHints":{"allow":["GET"]}}],"collection":[{"href":"https:\/\/www.mercator-ocean.eu\/fr\/wp-json\/wp\/v2\/pages"}],"about":[{"href":"https:\/\/www.mercator-ocean.eu\/fr\/wp-json\/wp\/v2\/types\/page"}],"author":[{"embeddable":true,"href":"https:\/\/www.mercator-ocean.eu\/fr\/wp-json\/wp\/v2\/users\/2"}],"replies":[{"embeddable":true,"href":"https:\/\/www.mercator-ocean.eu\/fr\/wp-json\/wp\/v2\/comments?post=15835"}],"version-history":[{"count":5,"href":"https:\/\/www.mercator-ocean.eu\/fr\/wp-json\/wp\/v2\/pages\/15835\/revisions"}],"predecessor-version":[{"id":16679,"href":"https:\/\/www.mercator-ocean.eu\/fr\/wp-json\/wp\/v2\/pages\/15835\/revisions\/16679"}],"wp:attachment":[{"href":"https:\/\/www.mercator-ocean.eu\/fr\/wp-json\/wp\/v2\/media?parent=15835"}],"wp:term":[{"taxonomy":"translation-status","embeddable":true,"href":"https:\/\/www.mercator-ocean.eu\/fr\/wp-json\/wp\/v2\/translation-status?post=15835"}],"curies":[{"name":"wp","href":"https:\/\/api.w.org\/{rel}","templated":true}]}}