{"id":15845,"date":"2024-01-22T14:23:38","date_gmt":"2024-01-22T14:23:38","guid":{"rendered":"https:\/\/www.mercator-ocean.eu\/politique-de-confidentialite\/"},"modified":"2025-05-26T12:37:17","modified_gmt":"2025-05-26T12:37:17","slug":"politique-de-confidentialite","status":"publish","type":"page","link":"https:\/\/www.mercator-ocean.eu\/fr\/politique-de-confidentialite\/","title":{"rendered":"Politique de confidentialit\u00e9"},"content":{"rendered":"\t\t<div data-elementor-type=\"wp-page\" data-elementor-id=\"15845\" class=\"elementor elementor-15845 elementor-5466\" data-elementor-post-type=\"page\">\n\t\t\t\t<div class=\"elementor-element elementor-element-3b1f16c2 e-flex e-con-boxed e-con e-parent\" data-id=\"3b1f16c2\" data-element_type=\"container\" data-e-type=\"container\" data-settings=\"{&quot;background_background&quot;:&quot;classic&quot;}\">\n\t\t\t\t\t<div class=\"e-con-inner\">\n\t\t\t\t<div class=\"elementor-element elementor-element-24f39e16 elementor-widget elementor-widget-heading\" data-id=\"24f39e16\" data-element_type=\"widget\" data-e-type=\"widget\" data-widget_type=\"heading.default\">\n\t\t\t\t<div class=\"elementor-widget-container\">\n\t\t\t\t\t<h1 class=\"elementor-heading-title elementor-size-default\">Politique de confidentialit\u00e9<\/h1>\t\t\t\t<\/div>\n\t\t\t\t<\/div>\n\t\t\t\t\t<\/div>\n\t\t\t\t<\/div>\n\t\t<div class=\"elementor-element elementor-element-19431449 e-flex e-con-boxed e-con e-parent\" data-id=\"19431449\" data-element_type=\"container\" data-e-type=\"container\" data-settings=\"{&quot;background_background&quot;:&quot;classic&quot;}\">\n\t\t\t\t\t<div class=\"e-con-inner\">\n\t\t\t\t<div class=\"elementor-element elementor-element-3c921acf elementor-widget elementor-widget-table-of-contents\" data-id=\"3c921acf\" data-element_type=\"widget\" data-e-type=\"widget\" data-settings=\"{&quot;headings_by_tags&quot;:[&quot;h2&quot;,&quot;h3&quot;],&quot;exclude_headings_by_selector&quot;:[],&quot;marker_view&quot;:&quot;numbers&quot;,&quot;no_headings_message&quot;:&quot;Aucun titre n\\u2019a \\u00e9t\\u00e9 trouv\\u00e9 sur cette page.&quot;,&quot;hierarchical_view&quot;:&quot;yes&quot;,&quot;min_height&quot;:{&quot;unit&quot;:&quot;px&quot;,&quot;size&quot;:&quot;&quot;,&quot;sizes&quot;:[]},&quot;min_height_tablet&quot;:{&quot;unit&quot;:&quot;px&quot;,&quot;size&quot;:&quot;&quot;,&quot;sizes&quot;:[]},&quot;min_height_mobile&quot;:{&quot;unit&quot;:&quot;px&quot;,&quot;size&quot;:&quot;&quot;,&quot;sizes&quot;:[]}}\" data-widget_type=\"table-of-contents.default\">\n\t\t\t\t<div class=\"elementor-widget-container\">\n\t\t\t\t\t\t\t\t\t<div class=\"elementor-toc__header\">\n\t\t\t\t\t\t<h4 class=\"elementor-toc__header-title\">\n\t\t\t\tR\u00e9sum\u00e9\t\t\t<\/h4>\n\t\t\t\t\t\t\t\t<\/div>\n\t\t\t\t<div id=\"elementor-toc__3c921acf\" class=\"elementor-toc__body\">\n\t\t\t<div class=\"elementor-toc__spinner-container\">\n\t\t\t\t<svg class=\"elementor-toc__spinner eicon-animation-spin e-font-icon-svg e-eicon-loading\" aria-hidden=\"true\" viewBox=\"0 0 1000 1000\" xmlns=\"http:\/\/www.w3.org\/2000\/svg\"><path d=\"M500 975V858C696 858 858 696 858 500S696 142 500 142 142 304 142 500H25C25 237 238 25 500 25S975 237 975 500 763 975 500 975Z\"><\/path><\/svg>\t\t\t<\/div>\n\t\t<\/div>\n\t\t\t\t\t\t<\/div>\n\t\t\t\t<\/div>\n\t\t\t\t<div class=\"elementor-element elementor-element-2430b07e elementor-widget elementor-widget-text-editor\" data-id=\"2430b07e\" data-element_type=\"widget\" data-e-type=\"widget\" data-widget_type=\"text-editor.default\">\n\t\t\t\t<div class=\"elementor-widget-container\">\n\t\t\t\t\t\t\t\t\t<p><strong><em>Derni\u00e8re mise \u00e0 jour : 18\/01\/2024<\/em><\/strong><\/p><p>L&rsquo;administrateur du site est la soci\u00e9t\u00e9 MERCATOR OCEAN INTERNATIONAL, soci\u00e9t\u00e9 de droit priv\u00e9, dont le si\u00e8ge social est situ\u00e9 2 avenue de l&rsquo;A\u00e9rodrome de Montaudran, 31400 TOULOUSE, FRANCE.<\/p><p>Mercator Ocean prend tr\u00e8s au s\u00e9rieux la protection de la vie priv\u00e9e des visiteurs de son site web et de ses clients. La pr\u00e9sente politique de confidentialit\u00e9 explique comment nous utilisons les informations personnelles que nous recueillons \u00e0 votre sujet sur ce site web.<\/p><h2><strong>Qu&rsquo;est-ce qu&rsquo;une donn\u00e9e \u00e0 caract\u00e8re personnel ?<\/strong><\/h2><p>Les donn\u00e9es personnelles sont des donn\u00e9es qui permettent d&rsquo;identifier directement ou indirectement une personne, par exemple :<\/p><ul><li>Les donn\u00e9es de l&rsquo;\u00e9tat civil (nom, adresse, date et lieu de naissance)<\/li><li>Une adresse \u00e9lectronique<\/li><li>Une adresse IP<\/li><\/ul><h2><strong>Quelles sont les donn\u00e9es personnelles que nous collectons ?<\/strong><\/h2><p>Nous recueillons les donn\u00e9es suivantes :<\/p><ul><li>Nom de famille<\/li><li>Pr\u00e9nom<\/li><li>Adresse \u00e9lectronique<\/li><li>Appartenance professionnelle ou personnelle \u00e0 un type d&rsquo;organisation (entreprise, association, universit\u00e9, etc.)<\/li><li>Adresse IP<\/li><li>Votre demande si vous nous envoyez un courriel via le formulaire de contact<\/li><\/ul><p>Les donn\u00e9es que nous collectons sont n\u00e9cessaires pour traiter vos demandes ou pour vous fournir les services que vous demandez.<\/p><p>En outre, certaines donn\u00e9es peuvent \u00eatre collect\u00e9es pour l&rsquo;ex\u00e9cution d&rsquo;un service ou d&rsquo;un contrat auquel vous \u00eates partie.<\/p><p>\u00c0 quel moment recueillons-nous des donn\u00e9es \u00e0 caract\u00e8re personnel vous concernant ?<\/p><p>Nous pouvons collecter des donn\u00e9es \u00e0 caract\u00e8re personnel vous concernant dans les cas suivants :<\/p><ul><li>Lorsque vous naviguez sur le site web<\/li><li>Lors de la soumission d&rsquo;une demande via le formulaire de contact ou le formulaire de candidature<\/li><\/ul><p>Il est de votre responsabilit\u00e9 de fournir des donn\u00e9es personnelles dont vous certifiez l&rsquo;exactitude et l&rsquo;ad\u00e9quation.<\/p><h2><strong>Sur quelle(s) base(s) juridique(s) traitons-nous vos donn\u00e9es personnelles ?<\/strong><\/h2><p>Nous traitons vos donn\u00e9es \u00e0 caract\u00e8re personnel parce que vous avez donn\u00e9 votre consentement au traitement de vos donn\u00e9es \u00e0 caract\u00e8re personnel pour une ou plusieurs finalit\u00e9s sp\u00e9cifiques d\u00e9crites dans la pr\u00e9sente d\u00e9claration de confidentialit\u00e9, conform\u00e9ment \u00e0 l&rsquo;article 5, paragraphe 1, point d), du r\u00e8glement (UE) 2018\/1725.<\/p><h2><strong>Quels sont vos droits ?<\/strong><\/h2><p>Conform\u00e9ment \u00e0 la l\u00e9gislation applicable, vous disposez d&rsquo;un certain nombre de droits :<\/p><ul><li>Vous pouvez demander l&rsquo;acc\u00e8s \u00e0 vos donn\u00e9es personnelles.<\/li><li>Rectification ou modification. Vous pouvez demander \u00e0 modifier les donn\u00e9es concernant votre personne.<\/li><li>Droit d&rsquo;opposition pour des motifs l\u00e9gitimes. Vous pouvez \u00e0 tout moment vous opposer au traitement pour lequel il existe un motif imp\u00e9rieux et l\u00e9gitime.<\/li><li>Droit \u00e0 l&rsquo;effacement (droit \u00e0 l&rsquo;oubli). Vous pouvez demander l&rsquo;effacement des donn\u00e9es vous concernant d\u00e8s qu&rsquo;elles ne sont plus n\u00e9cessaires au regard des finalit\u00e9s pour lesquelles elles ont \u00e9t\u00e9 collect\u00e9es.<\/li><li>Droit \u00e0 la portabilit\u00e9. Nous pouvons, sur demande, mettre \u00e0 votre disposition vos donn\u00e9es personnelles dans un format structur\u00e9 et couramment utilis\u00e9, lisible par machine.<\/li><li>Droit de limiter le traitement. Dans les limites autoris\u00e9es par la loi, vous pouvez demander \u00e0 limiter le traitement des donn\u00e9es personnelles vous concernant.<\/li><li>Droit de d\u00e9finir des directives relatives au sort des donn\u00e9es \u00e0 caract\u00e8re personnel en cas de d\u00e9c\u00e8s. Vous pouvez nous contacter pour d\u00e9finir le sort de vos donn\u00e9es personnelles en cas de d\u00e9c\u00e8s.<\/li><\/ul><h2><strong>Comment exercer ses droits ?<\/strong><\/h2><p>Pour exercer vos droits, contactez-nous par courrier \u00e9lectronique \u00e0 l&rsquo;adresse suivante : <a href=\"mailto:dpo@mercator-ocean.fr\">dpo@mercator-ocean.fr<\/a><\/p><p>Nous vous demandons de joindre \u00e0 votre demande une photocopie de votre carte d&rsquo;identit\u00e9 et de pr\u00e9ciser le droit que vous souhaitez exercer.<\/p><p>En l&rsquo;absence de r\u00e9ponse dans un d\u00e9lai d&rsquo;un mois, vous pouvez saisir la CNIL Commission nationale de l&rsquo;informatique et des libert\u00e9s via le lien suivant <a href=\"https:\/\/connexion.services.cnil.fr\/\">: https:\/\/connexion.services.cnil.fr\/<\/a><\/p><h2><strong>Combien de temps vos donn\u00e9es sont-elles conserv\u00e9es ?<\/strong><\/h2><p>Vos donn\u00e9es personnelles sont stock\u00e9es dans un environnement techniquement s\u00e9curis\u00e9.<\/p><p>La p\u00e9riode de conservation peut varier en fonction de la finalit\u00e9 et du traitement des donn\u00e9es personnelles collect\u00e9es.<\/p><p>La plupart des donn\u00e9es personnelles sont conserv\u00e9es pour une dur\u00e9e qui ne peut exc\u00e9der trois (3) ans apr\u00e8s votre derni\u00e8re utilisation du site internet ou votre dernier contact avec Mercator Ocean (concernant le remplissage de notre formulaire de contact).<\/p><p>L&rsquo;adresse IP est conserv\u00e9e pendant une p\u00e9riode qui ne peut exc\u00e9der un an.<\/p><h2>Politique en mati\u00e8re de cookies<\/h2><h3><strong>Qu&rsquo;est-ce qu&rsquo;un cookie ?<\/strong><\/h3><p>Le mot cookie est utilis\u00e9 ici au sens large pour d\u00e9signer l&rsquo;ensemble des traceurs informatiques et autres fichiers d\u00e9pos\u00e9s sur l&rsquo;\u00e9quipement terminal d&rsquo;un utilisateur \u00e0 l&rsquo;occasion de la consultation du site web ou de l&rsquo;ouverture d&rsquo;un courrier \u00e9lectronique.<\/p><p>Les cookies plac\u00e9s permettent d&rsquo;assurer le bon fonctionnement du site web et d&rsquo;effectuer les op\u00e9rations suivantes :<\/p><ul><li>M\u00e9moriser des informations relatives \u00e0 un formulaire que vous avez rempli sur le site web, afin de permettre au site de se souvenir de vos pr\u00e9f\u00e9rences (telles que le nom d&rsquo;utilisateur pour les membres, la langue, etc.<\/li><li>Permettre le fonctionnement technique et administratif du site web<\/li><li>Mesurer l&rsquo;audience des personnes qui naviguent sur le site web<\/li><li>Collecter des statistiques<\/li><\/ul><h2><strong>Quels sont les cookies que nous utilisons ?<\/strong><\/h2><table width=\"100%\"><tbody><tr><td width=\"15%\">Nom du cookie<\/td><td width=\"19%\">Demandeur<\/td><td width=\"30%\">Fonction<\/td><td width=\"14%\">Dur\u00e9e de stockage<\/td><td width=\"19%\">Opposition<\/td><\/tr><tr><td width=\"15%\">_pk_id*<\/td><td width=\"19%\">Matomo (anciennement Piwik)<\/td><td width=\"30%\">pour stocker l&rsquo;identifiant unique de l&rsquo;utilisateur. (statistiques -anonyme)<\/td><td width=\"14%\">13 mois<\/td><td width=\"19%\">Vous pouvez s\u00e9lectionner \u00ab\u00a0Bloquer les cookies\u00a0\u00bb dans les param\u00e8tres du navigateur<\/td><\/tr><tr><td width=\"15%\">_pk_ses*<\/td><td width=\"19%\">Matomo (anciennement Piwik)<\/td><td width=\"30%\">Cookie de courte dur\u00e9e utilis\u00e9 pour stocker temporairement des donn\u00e9es pour la visite<\/td><td width=\"14%\">30 minutes<\/td><td width=\"19%\">Ce cookie est anonyme et a une courte dur\u00e9e de vie. Il ne peut \u00eatre supprim\u00e9 car il permet \u00e0 l&rsquo;utilisateur d&rsquo;utiliser le site web avec plus d&rsquo;efficacit\u00e9.<\/td><\/tr><tr><td width=\"15%\">Formulaire d&rsquo;inscription<\/td><td width=\"19%\">CRM<\/td><td width=\"30%\">stocker les donn\u00e9es du formulaire pour un remplissage automatique ult\u00e9rieur<\/td><td width=\"14%\">10 jours<\/td><td width=\"19%\">Vous pouvez s\u00e9lectionner \u00ab\u00a0Bloquer les cookies\u00a0\u00bb dans les param\u00e8tres du navigateur ou ne pas utiliser le bouton d&rsquo;enregistrement sur le formulaire d&rsquo;enregistrement du service<\/td><\/tr><\/tbody><\/table><p>Certains cookies peuvent \u00e9galement \u00eatre plac\u00e9s par des tiers, notamment les cookies permettant la lecture de contenus multim\u00e9dias (vid\u00e9o, etc.). Vous devez vous informer de leurs mesures de protection et accepter ou refuser l&rsquo;int\u00e9gration de celles-ci directement de leur part. Nous n&rsquo;acceptons aucune responsabilit\u00e9 pour le contenu de ces tiers.<\/p><h2><strong>Qui sont les destinataires de vos donn\u00e9es personnelles ?<\/strong><\/h2><p>Les destinataires de vos donn\u00e9es personnelles sont les suivants :<\/p><ul><li>Les employ\u00e9s et les cadres de l&rsquo;entreprise MERCATOR Ocean<\/li><li>Les autorit\u00e9s polici\u00e8res dans le cadre des r\u00e9quisitions judiciaires<\/li><li>Les autorit\u00e9s administratives et judiciaires habilit\u00e9es \u00e0 rechercher et \u00e0 identifier l&rsquo;auteur de l&rsquo;infraction dans le strict respect des dispositions l\u00e9gales<\/li><li>Les autorit\u00e9s europ\u00e9ennes dans le cadre des statistiques de fr\u00e9quentation du site web<\/li><\/ul><p>L&rsquo;entreprise fait \u00e9galement appel \u00e0 des sous-traitants pour effectuer les op\u00e9rations suivantes selon les instructions indiqu\u00e9es :<\/p><ul><li>Services d&rsquo;h\u00e9bergement<\/li><li>D\u00e9veloppement de sites web<\/li><li>Analyse statistique<\/li><\/ul><h2><strong>Comment prot\u00e9geons-nous vos donn\u00e9es personnelles ?<\/strong><\/h2><p>Nous prenons diverses mesures techniques de s\u00e9curit\u00e9 pour assurer la s\u00e9curit\u00e9 de vos donn\u00e9es personnelles et emp\u00eacher leur divulgation, leur destruction ou leur perte, notamment :<\/p><ul><li>Les mots de passe sont crypt\u00e9s dans la base de donn\u00e9es.<\/li><li>TLS est utilis\u00e9 lorsque vous utilisez un formulaire contenant des donn\u00e9es \u00e0 caract\u00e8re personnel<\/li><li>L&rsquo;acc\u00e8s \u00e0 la base de donn\u00e9es contenant des donn\u00e9es personnelles est strictement limit\u00e9 aux personnes autoris\u00e9es par l&rsquo;entreprise<\/li><li>Les personnes autoris\u00e9es par l&rsquo;entreprise sont sensibilis\u00e9es \u00e0 la protection des donn\u00e9es personnelles<\/li><\/ul><h2><strong>Modification de la politique de confidentialit\u00e9<\/strong><\/h2><p>L&rsquo;entreprise se r\u00e9serve le droit de modifier la pr\u00e9sente politique de confidentialit\u00e9 et d&rsquo;en avertir les utilisateurs par tout moyen.<\/p><h2><strong>Contact<\/strong><\/h2><p>Pour toute question relative \u00e0 la politique de confidentialit\u00e9, vous pouvez nous contacter par courrier \u00e9lectronique \u00e0 l&rsquo;adresse suivante : <a href=\"mailto:dpo@mercator-ocean.fr\">dpo@mercator-ocean.fr<\/a><\/p>\t\t\t\t\t\t\t\t<\/div>\n\t\t\t\t<\/div>\n\t\t\t\t\t<\/div>\n\t\t\t\t<\/div>\n\t\t\t\t<\/div>\n\t\t","protected":false},"excerpt":{"rendered":"<p>Politique de confidentialit\u00e9 R\u00e9sum\u00e9 Derni\u00e8re mise \u00e0 jour : 18\/01\/2024 L&rsquo;administrateur du site est la soci\u00e9t\u00e9 MERCATOR OCEAN INTERNATIONAL, soci\u00e9t\u00e9 de droit priv\u00e9, dont le si\u00e8ge social est situ\u00e9 2 avenue de l&rsquo;A\u00e9rodrome de Montaudran, 31400 TOULOUSE, FRANCE. Mercator Ocean prend tr\u00e8s au s\u00e9rieux la protection de la vie priv\u00e9e des visiteurs de son site [&hellip;]<\/p>\n","protected":false},"author":2,"featured_media":0,"parent":0,"menu_order":52,"comment_status":"closed","ping_status":"closed","template":"","meta":{"_acf_changed":false,"footnotes":""},"translation-status":[],"class_list":["post-15845","page","type-page","status-publish","hentry"],"acf":[],"yoast_head":"<!-- This site is optimized with the Yoast SEO plugin v27.4 - https:\/\/yoast.com\/product\/yoast-seo-wordpress\/ -->\n<title>Politique de confidentialit\u00e9 - Mercator Ocean International<\/title>\n<meta name=\"robots\" content=\"index, follow, max-snippet:-1, max-image-preview:large, max-video-preview:-1\" \/>\n<link rel=\"canonical\" href=\"https:\/\/www.mercator-ocean.eu\/fr\/politique-de-confidentialite\/\" \/>\n<meta property=\"og:locale\" content=\"fr_FR\" \/>\n<meta property=\"og:type\" content=\"article\" \/>\n<meta property=\"og:title\" content=\"Politique de confidentialit\u00e9 - Mercator Ocean International\" \/>\n<meta property=\"og:description\" content=\"Politique de confidentialit\u00e9 R\u00e9sum\u00e9 Derni\u00e8re mise \u00e0 jour : 18\/01\/2024 L&rsquo;administrateur du site est la soci\u00e9t\u00e9 MERCATOR OCEAN INTERNATIONAL, soci\u00e9t\u00e9 de droit priv\u00e9, dont le si\u00e8ge social est situ\u00e9 2 avenue de l&rsquo;A\u00e9rodrome de Montaudran, 31400 TOULOUSE, FRANCE. Mercator Ocean prend tr\u00e8s au s\u00e9rieux la protection de la vie priv\u00e9e des visiteurs de son site [&hellip;]\" \/>\n<meta property=\"og:url\" content=\"https:\/\/www.mercator-ocean.eu\/fr\/politique-de-confidentialite\/\" \/>\n<meta property=\"og:site_name\" content=\"Mercator Ocean International\" \/>\n<meta property=\"article:publisher\" content=\"https:\/\/www.facebook.com\/MercatorOcean\" \/>\n<meta property=\"article:modified_time\" content=\"2025-05-26T12:37:17+00:00\" \/>\n<meta name=\"twitter:card\" content=\"summary_large_image\" \/>\n<meta name=\"twitter:site\" content=\"@MercatorOcean\" \/>\n<meta name=\"twitter:label1\" content=\"Dur\u00e9e de lecture estim\u00e9e\" \/>\n\t<meta name=\"twitter:data1\" content=\"6 minutes\" \/>\n<script type=\"application\/ld+json\" class=\"yoast-schema-graph\">{\"@context\":\"https:\\\/\\\/schema.org\",\"@graph\":[{\"@type\":\"WebPage\",\"@id\":\"https:\\\/\\\/www.mercator-ocean.eu\\\/fr\\\/politique-de-confidentialite\\\/\",\"url\":\"https:\\\/\\\/www.mercator-ocean.eu\\\/fr\\\/politique-de-confidentialite\\\/\",\"name\":\"Politique de confidentialit\u00e9 - Mercator Ocean International\",\"isPartOf\":{\"@id\":\"https:\\\/\\\/www.mercator-ocean.eu\\\/fr\\\/#website\"},\"datePublished\":\"2024-01-22T14:23:38+00:00\",\"dateModified\":\"2025-05-26T12:37:17+00:00\",\"breadcrumb\":{\"@id\":\"https:\\\/\\\/www.mercator-ocean.eu\\\/fr\\\/politique-de-confidentialite\\\/#breadcrumb\"},\"inLanguage\":\"fr-FR\",\"potentialAction\":[{\"@type\":\"ReadAction\",\"target\":[\"https:\\\/\\\/www.mercator-ocean.eu\\\/fr\\\/politique-de-confidentialite\\\/\"]}]},{\"@type\":\"BreadcrumbList\",\"@id\":\"https:\\\/\\\/www.mercator-ocean.eu\\\/fr\\\/politique-de-confidentialite\\\/#breadcrumb\",\"itemListElement\":[{\"@type\":\"ListItem\",\"position\":1,\"name\":\"Home\",\"item\":\"https:\\\/\\\/www.mercator-ocean.eu\\\/fr\\\/\"},{\"@type\":\"ListItem\",\"position\":2,\"name\":\"Politique de confidentialit\u00e9\"}]},{\"@type\":\"WebSite\",\"@id\":\"https:\\\/\\\/www.mercator-ocean.eu\\\/fr\\\/#website\",\"url\":\"https:\\\/\\\/www.mercator-ocean.eu\\\/fr\\\/\",\"name\":\"Mercator Ocean International\",\"description\":\"\",\"publisher\":{\"@id\":\"https:\\\/\\\/www.mercator-ocean.eu\\\/fr\\\/#organization\"},\"potentialAction\":[{\"@type\":\"SearchAction\",\"target\":{\"@type\":\"EntryPoint\",\"urlTemplate\":\"https:\\\/\\\/www.mercator-ocean.eu\\\/fr\\\/?s={search_term_string}\"},\"query-input\":{\"@type\":\"PropertyValueSpecification\",\"valueRequired\":true,\"valueName\":\"search_term_string\"}}],\"inLanguage\":\"fr-FR\"},{\"@type\":\"Organization\",\"@id\":\"https:\\\/\\\/www.mercator-ocean.eu\\\/fr\\\/#organization\",\"name\":\"Mercator Ocean International\",\"url\":\"https:\\\/\\\/www.mercator-ocean.eu\\\/fr\\\/\",\"logo\":{\"@type\":\"ImageObject\",\"inLanguage\":\"fr-FR\",\"@id\":\"https:\\\/\\\/www.mercator-ocean.eu\\\/fr\\\/#\\\/schema\\\/logo\\\/image\\\/\",\"url\":\"https:\\\/\\\/www.mercator-ocean.eu\\\/wp-content\\\/uploads\\\/2024\\\/12\\\/logo-mercator.png\",\"contentUrl\":\"https:\\\/\\\/www.mercator-ocean.eu\\\/wp-content\\\/uploads\\\/2024\\\/12\\\/logo-mercator.png\",\"width\":541,\"height\":547,\"caption\":\"Mercator Ocean International\"},\"image\":{\"@id\":\"https:\\\/\\\/www.mercator-ocean.eu\\\/fr\\\/#\\\/schema\\\/logo\\\/image\\\/\"},\"sameAs\":[\"https:\\\/\\\/www.facebook.com\\\/MercatorOcean\",\"https:\\\/\\\/x.com\\\/MercatorOcean\",\"https:\\\/\\\/www.instagram.com\\\/mercator_ocean\\\/\",\"https:\\\/\\\/www.linkedin.com\\\/company\\\/mercator-ocean\\\/\",\"https:\\\/\\\/www.youtube.com\\\/user\\\/MERCATOROCEAN\"]}]}<\/script>\n<!-- \/ Yoast SEO plugin. -->","yoast_head_json":{"title":"Politique de confidentialit\u00e9 - Mercator Ocean International","robots":{"index":"index","follow":"follow","max-snippet":"max-snippet:-1","max-image-preview":"max-image-preview:large","max-video-preview":"max-video-preview:-1"},"canonical":"https:\/\/www.mercator-ocean.eu\/fr\/politique-de-confidentialite\/","og_locale":"fr_FR","og_type":"article","og_title":"Politique de confidentialit\u00e9 - Mercator Ocean International","og_description":"Politique de confidentialit\u00e9 R\u00e9sum\u00e9 Derni\u00e8re mise \u00e0 jour : 18\/01\/2024 L&rsquo;administrateur du site est la soci\u00e9t\u00e9 MERCATOR OCEAN INTERNATIONAL, soci\u00e9t\u00e9 de droit priv\u00e9, dont le si\u00e8ge social est situ\u00e9 2 avenue de l&rsquo;A\u00e9rodrome de Montaudran, 31400 TOULOUSE, FRANCE. Mercator Ocean prend tr\u00e8s au s\u00e9rieux la protection de la vie priv\u00e9e des visiteurs de son site [&hellip;]","og_url":"https:\/\/www.mercator-ocean.eu\/fr\/politique-de-confidentialite\/","og_site_name":"Mercator Ocean International","article_publisher":"https:\/\/www.facebook.com\/MercatorOcean","article_modified_time":"2025-05-26T12:37:17+00:00","twitter_card":"summary_large_image","twitter_site":"@MercatorOcean","twitter_misc":{"Dur\u00e9e de lecture estim\u00e9e":"6 minutes"},"schema":{"@context":"https:\/\/schema.org","@graph":[{"@type":"WebPage","@id":"https:\/\/www.mercator-ocean.eu\/fr\/politique-de-confidentialite\/","url":"https:\/\/www.mercator-ocean.eu\/fr\/politique-de-confidentialite\/","name":"Politique de confidentialit\u00e9 - Mercator Ocean International","isPartOf":{"@id":"https:\/\/www.mercator-ocean.eu\/fr\/#website"},"datePublished":"2024-01-22T14:23:38+00:00","dateModified":"2025-05-26T12:37:17+00:00","breadcrumb":{"@id":"https:\/\/www.mercator-ocean.eu\/fr\/politique-de-confidentialite\/#breadcrumb"},"inLanguage":"fr-FR","potentialAction":[{"@type":"ReadAction","target":["https:\/\/www.mercator-ocean.eu\/fr\/politique-de-confidentialite\/"]}]},{"@type":"BreadcrumbList","@id":"https:\/\/www.mercator-ocean.eu\/fr\/politique-de-confidentialite\/#breadcrumb","itemListElement":[{"@type":"ListItem","position":1,"name":"Home","item":"https:\/\/www.mercator-ocean.eu\/fr\/"},{"@type":"ListItem","position":2,"name":"Politique de confidentialit\u00e9"}]},{"@type":"WebSite","@id":"https:\/\/www.mercator-ocean.eu\/fr\/#website","url":"https:\/\/www.mercator-ocean.eu\/fr\/","name":"Mercator Ocean International","description":"","publisher":{"@id":"https:\/\/www.mercator-ocean.eu\/fr\/#organization"},"potentialAction":[{"@type":"SearchAction","target":{"@type":"EntryPoint","urlTemplate":"https:\/\/www.mercator-ocean.eu\/fr\/?s={search_term_string}"},"query-input":{"@type":"PropertyValueSpecification","valueRequired":true,"valueName":"search_term_string"}}],"inLanguage":"fr-FR"},{"@type":"Organization","@id":"https:\/\/www.mercator-ocean.eu\/fr\/#organization","name":"Mercator Ocean International","url":"https:\/\/www.mercator-ocean.eu\/fr\/","logo":{"@type":"ImageObject","inLanguage":"fr-FR","@id":"https:\/\/www.mercator-ocean.eu\/fr\/#\/schema\/logo\/image\/","url":"https:\/\/www.mercator-ocean.eu\/wp-content\/uploads\/2024\/12\/logo-mercator.png","contentUrl":"https:\/\/www.mercator-ocean.eu\/wp-content\/uploads\/2024\/12\/logo-mercator.png","width":541,"height":547,"caption":"Mercator Ocean International"},"image":{"@id":"https:\/\/www.mercator-ocean.eu\/fr\/#\/schema\/logo\/image\/"},"sameAs":["https:\/\/www.facebook.com\/MercatorOcean","https:\/\/x.com\/MercatorOcean","https:\/\/www.instagram.com\/mercator_ocean\/","https:\/\/www.linkedin.com\/company\/mercator-ocean\/","https:\/\/www.youtube.com\/user\/MERCATOROCEAN"]}]}},"_links":{"self":[{"href":"https:\/\/www.mercator-ocean.eu\/fr\/wp-json\/wp\/v2\/pages\/15845","targetHints":{"allow":["GET"]}}],"collection":[{"href":"https:\/\/www.mercator-ocean.eu\/fr\/wp-json\/wp\/v2\/pages"}],"about":[{"href":"https:\/\/www.mercator-ocean.eu\/fr\/wp-json\/wp\/v2\/types\/page"}],"author":[{"embeddable":true,"href":"https:\/\/www.mercator-ocean.eu\/fr\/wp-json\/wp\/v2\/users\/2"}],"replies":[{"embeddable":true,"href":"https:\/\/www.mercator-ocean.eu\/fr\/wp-json\/wp\/v2\/comments?post=15845"}],"version-history":[{"count":5,"href":"https:\/\/www.mercator-ocean.eu\/fr\/wp-json\/wp\/v2\/pages\/15845\/revisions"}],"predecessor-version":[{"id":16673,"href":"https:\/\/www.mercator-ocean.eu\/fr\/wp-json\/wp\/v2\/pages\/15845\/revisions\/16673"}],"wp:attachment":[{"href":"https:\/\/www.mercator-ocean.eu\/fr\/wp-json\/wp\/v2\/media?parent=15845"}],"wp:term":[{"taxonomy":"translation-status","embeddable":true,"href":"https:\/\/www.mercator-ocean.eu\/fr\/wp-json\/wp\/v2\/translation-status?post=15845"}],"curies":[{"name":"wp","href":"https:\/\/api.w.org\/{rel}","templated":true}]}}