{"id":21366,"date":"2025-10-29T14:46:28","date_gmt":"2025-10-29T14:46:28","guid":{"rendered":"https:\/\/www.mercator-ocean.eu\/?page_id=21366"},"modified":"2026-01-06T10:17:04","modified_gmt":"2026-01-06T10:17:04","slug":"offres-demploi-2","status":"publish","type":"page","link":"https:\/\/www.mercator-ocean.eu\/fr\/a-propos-de-nous\/travailler-avec-nous\/offres-demploi-2\/","title":{"rendered":"Offres d&#8217;emploi"},"content":{"rendered":"\t\t<div data-elementor-type=\"wp-page\" data-elementor-id=\"21366\" class=\"elementor elementor-21366 elementor-21365\" data-elementor-post-type=\"page\">\n\t\t\t\t<div class=\"elementor-element elementor-element-ff776e5 e-flex e-con-boxed e-con e-parent\" data-id=\"ff776e5\" data-element_type=\"container\" data-e-type=\"container\" data-settings=\"{&quot;background_background&quot;:&quot;classic&quot;}\">\n\t\t\t\t\t<div class=\"e-con-inner\">\n\t\t\t\t<div class=\"elementor-element elementor-element-8860ba8 elementor-widget elementor-widget-heading\" data-id=\"8860ba8\" data-element_type=\"widget\" data-e-type=\"widget\" data-widget_type=\"heading.default\">\n\t\t\t\t<div class=\"elementor-widget-container\">\n\t\t\t\t\t<h1 class=\"elementor-heading-title elementor-size-default\">Offres d'emploi<\/h1>\t\t\t\t<\/div>\n\t\t\t\t<\/div>\n\t\t\t\t<div class=\"elementor-element elementor-element-c94af47 elementor-widget elementor-widget-breadcrumbs\" data-id=\"c94af47\" data-element_type=\"widget\" data-e-type=\"widget\" data-widget_type=\"breadcrumbs.default\">\n\t\t\t\t<div class=\"elementor-widget-container\">\n\t\t\t\t\t<p id=\"breadcrumbs\"><span><span><a href=\"https:\/\/www.mercator-ocean.eu\/fr\/\">Home<\/a><\/span><\/span><\/p>\t\t\t\t<\/div>\n\t\t\t\t<\/div>\n\t\t\t\t<div class=\"elementor-element elementor-element-7676948 elementor-widget elementor-widget-text-editor\" data-id=\"7676948\" data-element_type=\"widget\" data-e-type=\"widget\" data-widget_type=\"text-editor.default\">\n\t\t\t\t<div class=\"elementor-widget-container\">\n\t\t\t\t\t\t\t\t\t<p>Chez Mercator Ocean International, nous croyons en un environnement de travail dynamique et innovant o\u00f9 les talents s&rsquo;\u00e9panouissent et les id\u00e9es se d\u00e9veloppent. Nous mettons r\u00e9guli\u00e8rement \u00e0 jour cette page avec des opportunit\u00e9s de carri\u00e8re, y compris des postes permanents et \u00e0 dur\u00e9e d\u00e9termin\u00e9e, des projets de th\u00e8se, des contrats d&rsquo;alternance, des stages, etc. Rejoignez l&rsquo;\u00e9quipe !<\/p>\t\t\t\t\t\t\t\t<\/div>\n\t\t\t\t<\/div>\n\t\t\t\t\t<\/div>\n\t\t\t\t<\/div>\n\t\t<div class=\"elementor-element elementor-element-aa5adfa e-flex e-con-boxed e-con e-parent\" data-id=\"aa5adfa\" data-element_type=\"container\" data-e-type=\"container\" data-settings=\"{&quot;background_background&quot;:&quot;classic&quot;}\">\n\t\t\t\t\t<div class=\"e-con-inner\">\n\t\t\t\t<div class=\"elementor-element elementor-element-906916d elementor-widget elementor-widget-heading\" data-id=\"906916d\" data-element_type=\"widget\" data-e-type=\"widget\" data-widget_type=\"heading.default\">\n\t\t\t\t<div class=\"elementor-widget-container\">\n\t\t\t\t\t<h2 class=\"elementor-heading-title elementor-size-default\">Offres d'emploi<\/h2>\t\t\t\t<\/div>\n\t\t\t\t<\/div>\n\t\t\t\t<div class=\"elementor-element elementor-element-f6da61d elementor-widget elementor-widget-text-editor\" data-id=\"f6da61d\" data-element_type=\"widget\" data-e-type=\"widget\" data-widget_type=\"text-editor.default\">\n\t\t\t\t<div class=\"elementor-widget-container\">\n\t\t\t\t\t\t\t\t\t<p>Mercator Ocean International offre une opportunit\u00e9 unique de travailler pour une organisation multiculturelle. En savoir plus sur la fa\u00e7on de travailler avec nous.<\/p>\t\t\t\t\t\t\t\t<\/div>\n\t\t\t\t<\/div>\n\t\t\t\t<div class=\"elementor-element elementor-element-917176a elementor-widget elementor-widget-shortcode\" data-id=\"917176a\" data-element_type=\"widget\" data-e-type=\"widget\" data-widget_type=\"shortcode.default\">\n\t\t\t\t<div class=\"elementor-widget-container\">\n\t\t\t\t\t\t\t<div class=\"elementor-shortcode\"><iframe src=\"https:\/\/careers.flatchr.io\/company\/mercatorocean?iframe=truebtn_color=1D3058&amp;background_color=FFFFFF\" width=\"100%\" height=\"500px\" frameborder=\"0\" marginwidth=\"0\" marginheight=\"0\">\n<\/iframe><\/div>\n\t\t\t\t\t\t<\/div>\n\t\t\t\t<\/div>\n\t\t\t\t\t<\/div>\n\t\t\t\t<\/div>\n\t\t<div class=\"elementor-element elementor-element-99cfc7e e-flex e-con-boxed e-con e-parent\" data-id=\"99cfc7e\" data-element_type=\"container\" data-e-type=\"container\">\n\t\t\t\t\t<div class=\"e-con-inner\">\n\t\t\t\t\t<\/div>\n\t\t\t\t<\/div>\n\t\t\t\t<\/div>\n\t\t","protected":false},"excerpt":{"rendered":"<p>Offres d&#8217;emploi Chez Mercator Ocean International, nous croyons en un environnement de travail dynamique et innovant o\u00f9 les talents s&rsquo;\u00e9panouissent et les id\u00e9es se d\u00e9veloppent. Nous mettons r\u00e9guli\u00e8rement \u00e0 jour cette page avec des opportunit\u00e9s de carri\u00e8re, y compris des postes permanents et \u00e0 dur\u00e9e d\u00e9termin\u00e9e, des projets de th\u00e8se, des contrats d&rsquo;alternance, des stages, [&hellip;]<\/p>\n","protected":false},"author":2,"featured_media":0,"parent":15696,"menu_order":1,"comment_status":"closed","ping_status":"closed","template":"","meta":{"_acf_changed":false,"footnotes":""},"translation-status":[],"class_list":["post-21366","page","type-page","status-publish","hentry"],"acf":[],"yoast_head":"<!-- This site is optimized with the Yoast SEO plugin v27.3 - https:\/\/yoast.com\/product\/yoast-seo-wordpress\/ -->\n<title>Offres d&#039;emploi - Mercator Ocean International<\/title>\n<meta name=\"robots\" content=\"index, follow, max-snippet:-1, max-image-preview:large, max-video-preview:-1\" \/>\n<link rel=\"canonical\" href=\"https:\/\/www.mercator-ocean.eu\/fr\/a-propos-de-nous\/travailler-avec-nous\/offres-demploi-2\/\" \/>\n<meta property=\"og:locale\" content=\"fr_FR\" \/>\n<meta property=\"og:type\" content=\"article\" \/>\n<meta property=\"og:title\" content=\"Offres d&#039;emploi - Mercator Ocean International\" \/>\n<meta property=\"og:description\" content=\"Offres d&#8217;emploi Chez Mercator Ocean International, nous croyons en un environnement de travail dynamique et innovant o\u00f9 les talents s&rsquo;\u00e9panouissent et les id\u00e9es se d\u00e9veloppent. Nous mettons r\u00e9guli\u00e8rement \u00e0 jour cette page avec des opportunit\u00e9s de carri\u00e8re, y compris des postes permanents et \u00e0 dur\u00e9e d\u00e9termin\u00e9e, des projets de th\u00e8se, des contrats d&rsquo;alternance, des stages, [&hellip;]\" \/>\n<meta property=\"og:url\" content=\"https:\/\/www.mercator-ocean.eu\/fr\/a-propos-de-nous\/travailler-avec-nous\/offres-demploi-2\/\" \/>\n<meta property=\"og:site_name\" content=\"Mercator Ocean International\" \/>\n<meta property=\"article:publisher\" content=\"https:\/\/www.facebook.com\/MercatorOcean\" \/>\n<meta property=\"article:modified_time\" content=\"2026-01-06T10:17:04+00:00\" \/>\n<meta name=\"twitter:card\" content=\"summary_large_image\" \/>\n<meta name=\"twitter:site\" content=\"@MercatorOcean\" \/>\n<meta name=\"twitter:label1\" content=\"Dur\u00e9e de lecture estim\u00e9e\" \/>\n\t<meta name=\"twitter:data1\" content=\"1 minute\" \/>\n<script type=\"application\/ld+json\" class=\"yoast-schema-graph\">{\"@context\":\"https:\\\/\\\/schema.org\",\"@graph\":[{\"@type\":\"WebPage\",\"@id\":\"https:\\\/\\\/www.mercator-ocean.eu\\\/fr\\\/a-propos-de-nous\\\/travailler-avec-nous\\\/offres-demploi-2\\\/\",\"url\":\"https:\\\/\\\/www.mercator-ocean.eu\\\/fr\\\/a-propos-de-nous\\\/travailler-avec-nous\\\/offres-demploi-2\\\/\",\"name\":\"Offres d'emploi - Mercator Ocean International\",\"isPartOf\":{\"@id\":\"https:\\\/\\\/www.mercator-ocean.eu\\\/fr\\\/#website\"},\"datePublished\":\"2025-10-29T14:46:28+00:00\",\"dateModified\":\"2026-01-06T10:17:04+00:00\",\"breadcrumb\":{\"@id\":\"https:\\\/\\\/www.mercator-ocean.eu\\\/fr\\\/a-propos-de-nous\\\/travailler-avec-nous\\\/offres-demploi-2\\\/#breadcrumb\"},\"inLanguage\":\"fr-FR\",\"potentialAction\":[{\"@type\":\"ReadAction\",\"target\":[\"https:\\\/\\\/www.mercator-ocean.eu\\\/fr\\\/a-propos-de-nous\\\/travailler-avec-nous\\\/offres-demploi-2\\\/\"]}]},{\"@type\":\"BreadcrumbList\",\"@id\":\"https:\\\/\\\/www.mercator-ocean.eu\\\/fr\\\/a-propos-de-nous\\\/travailler-avec-nous\\\/offres-demploi-2\\\/#breadcrumb\",\"itemListElement\":[{\"@type\":\"ListItem\",\"position\":1,\"name\":\"Home\",\"item\":\"https:\\\/\\\/www.mercator-ocean.eu\\\/fr\\\/\"},{\"@type\":\"ListItem\",\"position\":2,\"name\":\"\u00c0 propos\",\"item\":\"https:\\\/\\\/www.mercator-ocean.eu\\\/fr\\\/a-propos-de-nous\\\/\"},{\"@type\":\"ListItem\",\"position\":3,\"name\":\"Travailler avec nous\",\"item\":\"https:\\\/\\\/www.mercator-ocean.eu\\\/fr\\\/a-propos-de-nous\\\/travailler-avec-nous\\\/\"},{\"@type\":\"ListItem\",\"position\":4,\"name\":\"Offres d&#8217;emploi\"}]},{\"@type\":\"WebSite\",\"@id\":\"https:\\\/\\\/www.mercator-ocean.eu\\\/fr\\\/#website\",\"url\":\"https:\\\/\\\/www.mercator-ocean.eu\\\/fr\\\/\",\"name\":\"Mercator Ocean International\",\"description\":\"\",\"publisher\":{\"@id\":\"https:\\\/\\\/www.mercator-ocean.eu\\\/fr\\\/#organization\"},\"potentialAction\":[{\"@type\":\"SearchAction\",\"target\":{\"@type\":\"EntryPoint\",\"urlTemplate\":\"https:\\\/\\\/www.mercator-ocean.eu\\\/fr\\\/?s={search_term_string}\"},\"query-input\":{\"@type\":\"PropertyValueSpecification\",\"valueRequired\":true,\"valueName\":\"search_term_string\"}}],\"inLanguage\":\"fr-FR\"},{\"@type\":\"Organization\",\"@id\":\"https:\\\/\\\/www.mercator-ocean.eu\\\/fr\\\/#organization\",\"name\":\"Mercator Ocean International\",\"url\":\"https:\\\/\\\/www.mercator-ocean.eu\\\/fr\\\/\",\"logo\":{\"@type\":\"ImageObject\",\"inLanguage\":\"fr-FR\",\"@id\":\"https:\\\/\\\/www.mercator-ocean.eu\\\/fr\\\/#\\\/schema\\\/logo\\\/image\\\/\",\"url\":\"https:\\\/\\\/www.mercator-ocean.eu\\\/wp-content\\\/uploads\\\/2024\\\/12\\\/logo-mercator.png\",\"contentUrl\":\"https:\\\/\\\/www.mercator-ocean.eu\\\/wp-content\\\/uploads\\\/2024\\\/12\\\/logo-mercator.png\",\"width\":541,\"height\":547,\"caption\":\"Mercator Ocean International\"},\"image\":{\"@id\":\"https:\\\/\\\/www.mercator-ocean.eu\\\/fr\\\/#\\\/schema\\\/logo\\\/image\\\/\"},\"sameAs\":[\"https:\\\/\\\/www.facebook.com\\\/MercatorOcean\",\"https:\\\/\\\/x.com\\\/MercatorOcean\",\"https:\\\/\\\/www.instagram.com\\\/mercator_ocean\\\/\",\"https:\\\/\\\/www.linkedin.com\\\/company\\\/mercator-ocean\\\/\",\"https:\\\/\\\/www.youtube.com\\\/user\\\/MERCATOROCEAN\"]}]}<\/script>\n<!-- \/ Yoast SEO plugin. -->","yoast_head_json":{"title":"Offres d'emploi - Mercator Ocean International","robots":{"index":"index","follow":"follow","max-snippet":"max-snippet:-1","max-image-preview":"max-image-preview:large","max-video-preview":"max-video-preview:-1"},"canonical":"https:\/\/www.mercator-ocean.eu\/fr\/a-propos-de-nous\/travailler-avec-nous\/offres-demploi-2\/","og_locale":"fr_FR","og_type":"article","og_title":"Offres d'emploi - Mercator Ocean International","og_description":"Offres d&#8217;emploi Chez Mercator Ocean International, nous croyons en un environnement de travail dynamique et innovant o\u00f9 les talents s&rsquo;\u00e9panouissent et les id\u00e9es se d\u00e9veloppent. Nous mettons r\u00e9guli\u00e8rement \u00e0 jour cette page avec des opportunit\u00e9s de carri\u00e8re, y compris des postes permanents et \u00e0 dur\u00e9e d\u00e9termin\u00e9e, des projets de th\u00e8se, des contrats d&rsquo;alternance, des stages, [&hellip;]","og_url":"https:\/\/www.mercator-ocean.eu\/fr\/a-propos-de-nous\/travailler-avec-nous\/offres-demploi-2\/","og_site_name":"Mercator Ocean International","article_publisher":"https:\/\/www.facebook.com\/MercatorOcean","article_modified_time":"2026-01-06T10:17:04+00:00","twitter_card":"summary_large_image","twitter_site":"@MercatorOcean","twitter_misc":{"Dur\u00e9e de lecture estim\u00e9e":"1 minute"},"schema":{"@context":"https:\/\/schema.org","@graph":[{"@type":"WebPage","@id":"https:\/\/www.mercator-ocean.eu\/fr\/a-propos-de-nous\/travailler-avec-nous\/offres-demploi-2\/","url":"https:\/\/www.mercator-ocean.eu\/fr\/a-propos-de-nous\/travailler-avec-nous\/offres-demploi-2\/","name":"Offres d'emploi - Mercator Ocean International","isPartOf":{"@id":"https:\/\/www.mercator-ocean.eu\/fr\/#website"},"datePublished":"2025-10-29T14:46:28+00:00","dateModified":"2026-01-06T10:17:04+00:00","breadcrumb":{"@id":"https:\/\/www.mercator-ocean.eu\/fr\/a-propos-de-nous\/travailler-avec-nous\/offres-demploi-2\/#breadcrumb"},"inLanguage":"fr-FR","potentialAction":[{"@type":"ReadAction","target":["https:\/\/www.mercator-ocean.eu\/fr\/a-propos-de-nous\/travailler-avec-nous\/offres-demploi-2\/"]}]},{"@type":"BreadcrumbList","@id":"https:\/\/www.mercator-ocean.eu\/fr\/a-propos-de-nous\/travailler-avec-nous\/offres-demploi-2\/#breadcrumb","itemListElement":[{"@type":"ListItem","position":1,"name":"Home","item":"https:\/\/www.mercator-ocean.eu\/fr\/"},{"@type":"ListItem","position":2,"name":"\u00c0 propos","item":"https:\/\/www.mercator-ocean.eu\/fr\/a-propos-de-nous\/"},{"@type":"ListItem","position":3,"name":"Travailler avec nous","item":"https:\/\/www.mercator-ocean.eu\/fr\/a-propos-de-nous\/travailler-avec-nous\/"},{"@type":"ListItem","position":4,"name":"Offres d&#8217;emploi"}]},{"@type":"WebSite","@id":"https:\/\/www.mercator-ocean.eu\/fr\/#website","url":"https:\/\/www.mercator-ocean.eu\/fr\/","name":"Mercator Ocean International","description":"","publisher":{"@id":"https:\/\/www.mercator-ocean.eu\/fr\/#organization"},"potentialAction":[{"@type":"SearchAction","target":{"@type":"EntryPoint","urlTemplate":"https:\/\/www.mercator-ocean.eu\/fr\/?s={search_term_string}"},"query-input":{"@type":"PropertyValueSpecification","valueRequired":true,"valueName":"search_term_string"}}],"inLanguage":"fr-FR"},{"@type":"Organization","@id":"https:\/\/www.mercator-ocean.eu\/fr\/#organization","name":"Mercator Ocean International","url":"https:\/\/www.mercator-ocean.eu\/fr\/","logo":{"@type":"ImageObject","inLanguage":"fr-FR","@id":"https:\/\/www.mercator-ocean.eu\/fr\/#\/schema\/logo\/image\/","url":"https:\/\/www.mercator-ocean.eu\/wp-content\/uploads\/2024\/12\/logo-mercator.png","contentUrl":"https:\/\/www.mercator-ocean.eu\/wp-content\/uploads\/2024\/12\/logo-mercator.png","width":541,"height":547,"caption":"Mercator Ocean International"},"image":{"@id":"https:\/\/www.mercator-ocean.eu\/fr\/#\/schema\/logo\/image\/"},"sameAs":["https:\/\/www.facebook.com\/MercatorOcean","https:\/\/x.com\/MercatorOcean","https:\/\/www.instagram.com\/mercator_ocean\/","https:\/\/www.linkedin.com\/company\/mercator-ocean\/","https:\/\/www.youtube.com\/user\/MERCATOROCEAN"]}]}},"_links":{"self":[{"href":"https:\/\/www.mercator-ocean.eu\/fr\/wp-json\/wp\/v2\/pages\/21366","targetHints":{"allow":["GET"]}}],"collection":[{"href":"https:\/\/www.mercator-ocean.eu\/fr\/wp-json\/wp\/v2\/pages"}],"about":[{"href":"https:\/\/www.mercator-ocean.eu\/fr\/wp-json\/wp\/v2\/types\/page"}],"author":[{"embeddable":true,"href":"https:\/\/www.mercator-ocean.eu\/fr\/wp-json\/wp\/v2\/users\/2"}],"replies":[{"embeddable":true,"href":"https:\/\/www.mercator-ocean.eu\/fr\/wp-json\/wp\/v2\/comments?post=21366"}],"version-history":[{"count":11,"href":"https:\/\/www.mercator-ocean.eu\/fr\/wp-json\/wp\/v2\/pages\/21366\/revisions"}],"predecessor-version":[{"id":22926,"href":"https:\/\/www.mercator-ocean.eu\/fr\/wp-json\/wp\/v2\/pages\/21366\/revisions\/22926"}],"up":[{"embeddable":true,"href":"https:\/\/www.mercator-ocean.eu\/fr\/wp-json\/wp\/v2\/pages\/15696"}],"wp:attachment":[{"href":"https:\/\/www.mercator-ocean.eu\/fr\/wp-json\/wp\/v2\/media?parent=21366"}],"wp:term":[{"taxonomy":"translation-status","embeddable":true,"href":"https:\/\/www.mercator-ocean.eu\/fr\/wp-json\/wp\/v2\/translation-status?post=21366"}],"curies":[{"name":"wp","href":"https:\/\/api.w.org\/{rel}","templated":true}]}}